{"id":1153,"date":"2020-08-02T17:51:06","date_gmt":"2020-08-02T15:51:06","guid":{"rendered":"https:\/\/limburgswinkeltje.com\/?post_type=product&#038;p=1153"},"modified":"2022-07-24T17:12:17","modified_gmt":"2022-07-24T15:12:17","slug":"pendentif-croix-et-pierres","status":"publish","type":"product","link":"https:\/\/limburgswinkeltje.com\/index.php\/produit\/pendentif-croix-et-pierres\/","title":{"rendered":"Pendentif croix et pierres"},"content":{"rendered":"<p>Pendentif plaqu\u00e9 or d\u00e9coup\u00e9, croix plaqu\u00e9 or et pierres de diff\u00e9rentes couleurs<\/p>\n","protected":false},"excerpt":{"rendered":"<p>Pendentif plaqu\u00e9 or d\u00e9coup\u00e9, croix plaqu\u00e9 or et pierres de diff\u00e9rentes couleurs<\/p>\n","protected":false},"featured_media":1022,"comment_status":"open","ping_status":"closed","template":"","meta":[],"yoast_head":"<!-- This site is optimized with the Yoast SEO plugin v17.2 - https:\/\/yoast.com\/wordpress\/plugins\/seo\/ -->\n<title>Pendentif croix et pierres - &#039;t Limburgs Winkeltj<\/title>\n<meta name=\"robots\" content=\"index, follow, max-snippet:-1, max-image-preview:large, max-video-preview:-1\" \/>\n<link rel=\"canonical\" href=\"https:\/\/limburgswinkeltje.com\/index.php\/produit\/pendentif-croix-et-pierres\/\" \/>\n<meta property=\"og:locale\" content=\"fr_FR\" \/>\n<meta property=\"og:type\" content=\"article\" \/>\n<meta property=\"og:title\" content=\"Pendentif croix et pierres - &#039;t Limburgs Winkeltj\" \/>\n<meta property=\"og:description\" content=\"Pendentif plaqu\u00e9 or d\u00e9coup\u00e9, croix plaqu\u00e9 or et pierres de diff\u00e9rentes couleurs\" \/>\n<meta property=\"og:url\" content=\"https:\/\/limburgswinkeltje.com\/index.php\/produit\/pendentif-croix-et-pierres\/\" \/>\n<meta property=\"og:site_name\" content=\"&#039;t Limburgs Winkeltj\" \/>\n<meta property=\"article:modified_time\" content=\"2022-07-24T15:12:17+00:00\" \/>\n<meta property=\"og:image\" content=\"https:\/\/limburgswinkeltje.com\/wp-content\/uploads\/2020\/07\/DSC_0767.jpg\" \/>\n\t<meta property=\"og:image:width\" content=\"836\" \/>\n\t<meta property=\"og:image:height\" content=\"559\" \/>\n<meta name=\"twitter:card\" content=\"summary_large_image\" \/>\n<script type=\"application\/ld+json\" class=\"yoast-schema-graph\">{\"@context\":\"https:\/\/schema.org\",\"@graph\":[{\"@type\":\"WebSite\",\"@id\":\"https:\/\/limburgswinkeltje.com\/#website\",\"url\":\"https:\/\/limburgswinkeltje.com\/\",\"name\":\"&#039;t Limburgs Winkeltj\",\"description\":\"Souvenirs de Lourdes\",\"potentialAction\":[{\"@type\":\"SearchAction\",\"target\":{\"@type\":\"EntryPoint\",\"urlTemplate\":\"https:\/\/limburgswinkeltje.com\/?s={search_term_string}\"},\"query-input\":\"required name=search_term_string\"}],\"inLanguage\":\"fr-FR\"},{\"@type\":\"ImageObject\",\"@id\":\"https:\/\/limburgswinkeltje.com\/index.php\/produit\/pendentif-croix-et-pierres\/#primaryimage\",\"inLanguage\":\"fr-FR\",\"url\":\"https:\/\/limburgswinkeltje.com\/wp-content\/uploads\/2020\/07\/DSC_0767.jpg\",\"contentUrl\":\"https:\/\/limburgswinkeltje.com\/wp-content\/uploads\/2020\/07\/DSC_0767.jpg\",\"width\":836,\"height\":559},{\"@type\":\"WebPage\",\"@id\":\"https:\/\/limburgswinkeltje.com\/index.php\/produit\/pendentif-croix-et-pierres\/#webpage\",\"url\":\"https:\/\/limburgswinkeltje.com\/index.php\/produit\/pendentif-croix-et-pierres\/\",\"name\":\"Pendentif croix et pierres - &#039;t Limburgs Winkeltj\",\"isPartOf\":{\"@id\":\"https:\/\/limburgswinkeltje.com\/#website\"},\"primaryImageOfPage\":{\"@id\":\"https:\/\/limburgswinkeltje.com\/index.php\/produit\/pendentif-croix-et-pierres\/#primaryimage\"},\"datePublished\":\"2020-08-02T15:51:06+00:00\",\"dateModified\":\"2022-07-24T15:12:17+00:00\",\"breadcrumb\":{\"@id\":\"https:\/\/limburgswinkeltje.com\/index.php\/produit\/pendentif-croix-et-pierres\/#breadcrumb\"},\"inLanguage\":\"fr-FR\",\"potentialAction\":[{\"@type\":\"ReadAction\",\"target\":[\"https:\/\/limburgswinkeltje.com\/index.php\/produit\/pendentif-croix-et-pierres\/\"]}]},{\"@type\":\"BreadcrumbList\",\"@id\":\"https:\/\/limburgswinkeltje.com\/index.php\/produit\/pendentif-croix-et-pierres\/#breadcrumb\",\"itemListElement\":[{\"@type\":\"ListItem\",\"position\":1,\"name\":\"Accueil\",\"item\":\"https:\/\/limburgswinkeltje.com\/\"},{\"@type\":\"ListItem\",\"position\":2,\"name\":\"\",\"item\":\"https:\/\/limburgswinkeltje.com\/index.php\/boutique\/\"},{\"@type\":\"ListItem\",\"position\":3,\"name\":\"Pendentif croix et pierres\"}]}]}<\/script>\n<!-- \/ Yoast SEO plugin. -->","yoast_head_json":{"title":"Pendentif croix et pierres - &#039;t Limburgs Winkeltj","robots":{"index":"index","follow":"follow","max-snippet":"max-snippet:-1","max-image-preview":"max-image-preview:large","max-video-preview":"max-video-preview:-1"},"canonical":"https:\/\/limburgswinkeltje.com\/index.php\/produit\/pendentif-croix-et-pierres\/","og_locale":"fr_FR","og_type":"article","og_title":"Pendentif croix et pierres - &#039;t Limburgs Winkeltj","og_description":"Pendentif plaqu\u00e9 or d\u00e9coup\u00e9, croix plaqu\u00e9 or et pierres de diff\u00e9rentes couleurs","og_url":"https:\/\/limburgswinkeltje.com\/index.php\/produit\/pendentif-croix-et-pierres\/","og_site_name":"&#039;t Limburgs Winkeltj","article_modified_time":"2022-07-24T15:12:17+00:00","og_image":[{"width":836,"height":559,"url":"https:\/\/limburgswinkeltje.com\/wp-content\/uploads\/2020\/07\/DSC_0767.jpg","path":"\/home\/limburn\/www\/wp-content\/uploads\/2020\/07\/DSC_0767.jpg","size":"full","id":1022,"alt":"","pixels":467324,"type":"image\/jpeg"}],"twitter_card":"summary_large_image","schema":{"@context":"https:\/\/schema.org","@graph":[{"@type":"WebSite","@id":"https:\/\/limburgswinkeltje.com\/#website","url":"https:\/\/limburgswinkeltje.com\/","name":"&#039;t Limburgs Winkeltj","description":"Souvenirs de Lourdes","potentialAction":[{"@type":"SearchAction","target":{"@type":"EntryPoint","urlTemplate":"https:\/\/limburgswinkeltje.com\/?s={search_term_string}"},"query-input":"required name=search_term_string"}],"inLanguage":"fr-FR"},{"@type":"ImageObject","@id":"https:\/\/limburgswinkeltje.com\/index.php\/produit\/pendentif-croix-et-pierres\/#primaryimage","inLanguage":"fr-FR","url":"https:\/\/limburgswinkeltje.com\/wp-content\/uploads\/2020\/07\/DSC_0767.jpg","contentUrl":"https:\/\/limburgswinkeltje.com\/wp-content\/uploads\/2020\/07\/DSC_0767.jpg","width":836,"height":559},{"@type":"WebPage","@id":"https:\/\/limburgswinkeltje.com\/index.php\/produit\/pendentif-croix-et-pierres\/#webpage","url":"https:\/\/limburgswinkeltje.com\/index.php\/produit\/pendentif-croix-et-pierres\/","name":"Pendentif croix et pierres - &#039;t Limburgs Winkeltj","isPartOf":{"@id":"https:\/\/limburgswinkeltje.com\/#website"},"primaryImageOfPage":{"@id":"https:\/\/limburgswinkeltje.com\/index.php\/produit\/pendentif-croix-et-pierres\/#primaryimage"},"datePublished":"2020-08-02T15:51:06+00:00","dateModified":"2022-07-24T15:12:17+00:00","breadcrumb":{"@id":"https:\/\/limburgswinkeltje.com\/index.php\/produit\/pendentif-croix-et-pierres\/#breadcrumb"},"inLanguage":"fr-FR","potentialAction":[{"@type":"ReadAction","target":["https:\/\/limburgswinkeltje.com\/index.php\/produit\/pendentif-croix-et-pierres\/"]}]},{"@type":"BreadcrumbList","@id":"https:\/\/limburgswinkeltje.com\/index.php\/produit\/pendentif-croix-et-pierres\/#breadcrumb","itemListElement":[{"@type":"ListItem","position":1,"name":"Accueil","item":"https:\/\/limburgswinkeltje.com\/"},{"@type":"ListItem","position":2,"name":"","item":"https:\/\/limburgswinkeltje.com\/index.php\/boutique\/"},{"@type":"ListItem","position":3,"name":"Pendentif croix et pierres"}]}]}},"_links":{"self":[{"href":"https:\/\/limburgswinkeltje.com\/index.php\/wp-json\/wp\/v2\/product\/1153"}],"collection":[{"href":"https:\/\/limburgswinkeltje.com\/index.php\/wp-json\/wp\/v2\/product"}],"about":[{"href":"https:\/\/limburgswinkeltje.com\/index.php\/wp-json\/wp\/v2\/types\/product"}],"replies":[{"embeddable":true,"href":"https:\/\/limburgswinkeltje.com\/index.php\/wp-json\/wp\/v2\/comments?post=1153"}],"wp:featuredmedia":[{"embeddable":true,"href":"https:\/\/limburgswinkeltje.com\/index.php\/wp-json\/wp\/v2\/media\/1022"}],"wp:attachment":[{"href":"https:\/\/limburgswinkeltje.com\/index.php\/wp-json\/wp\/v2\/media?parent=1153"}],"curies":[{"name":"wp","href":"https:\/\/api.w.org\/{rel}","templated":true}]}}