{"id":23,"date":"2019-04-18T11:08:43","date_gmt":"2019-04-18T09:08:43","guid":{"rendered":"https:\/\/envothemes.com\/envo-ecommerce\/product\/import-placeholder-for-60\/"},"modified":"2020-12-12T14:36:21","modified_gmt":"2020-12-12T13:36:21","slug":"bougie-apparition-texte-neerlandais","status":"publish","type":"product","link":"https:\/\/limburgswinkeltje.com\/index.php\/produit\/bougie-apparition-texte-neerlandais\/","title":{"rendered":"Bougie apparition + texte n\u00e9erlandais"},"content":{"rendered":"<p>Bougie apparition Lourdes + texte n\u00e9erlandais, diff\u00e9rentes tailles<\/p>\n","protected":false},"excerpt":{"rendered":"<p>Bougie apparition Lourdes + texte n\u00e9erlandais<\/p>\n","protected":false},"featured_media":537,"comment_status":"open","ping_status":"closed","template":"","meta":[],"yoast_head":"<!-- This site is optimized with the Yoast SEO plugin v17.2 - https:\/\/yoast.com\/wordpress\/plugins\/seo\/ -->\n<title>Bougie apparition + texte n\u00e9erlandais - &#039;t Limburgs Winkeltj<\/title>\n<meta name=\"robots\" content=\"index, follow, max-snippet:-1, max-image-preview:large, max-video-preview:-1\" \/>\n<link rel=\"canonical\" href=\"https:\/\/limburgswinkeltje.com\/index.php\/produit\/bougie-apparition-texte-neerlandais\/\" \/>\n<meta property=\"og:locale\" content=\"fr_FR\" \/>\n<meta property=\"og:type\" content=\"article\" \/>\n<meta property=\"og:title\" content=\"Bougie apparition + texte n\u00e9erlandais - &#039;t Limburgs Winkeltj\" \/>\n<meta property=\"og:description\" content=\"Bougie apparition Lourdes + texte n\u00e9erlandais\" \/>\n<meta property=\"og:url\" content=\"https:\/\/limburgswinkeltje.com\/index.php\/produit\/bougie-apparition-texte-neerlandais\/\" \/>\n<meta property=\"og:site_name\" content=\"&#039;t Limburgs Winkeltj\" \/>\n<meta property=\"article:modified_time\" content=\"2020-12-12T13:36:21+00:00\" \/>\n<meta property=\"og:image\" content=\"https:\/\/limburgswinkeltje.com\/wp-content\/uploads\/2019\/04\/Lourdes-phrase-neerlandais.jpg\" \/>\n\t<meta property=\"og:image:width\" content=\"1000\" \/>\n\t<meta property=\"og:image:height\" content=\"672\" \/>\n<meta name=\"twitter:card\" content=\"summary_large_image\" \/>\n<script type=\"application\/ld+json\" class=\"yoast-schema-graph\">{\"@context\":\"https:\/\/schema.org\",\"@graph\":[{\"@type\":\"WebSite\",\"@id\":\"https:\/\/limburgswinkeltje.com\/#website\",\"url\":\"https:\/\/limburgswinkeltje.com\/\",\"name\":\"&#039;t Limburgs Winkeltj\",\"description\":\"Souvenirs de Lourdes\",\"potentialAction\":[{\"@type\":\"SearchAction\",\"target\":{\"@type\":\"EntryPoint\",\"urlTemplate\":\"https:\/\/limburgswinkeltje.com\/?s={search_term_string}\"},\"query-input\":\"required name=search_term_string\"}],\"inLanguage\":\"fr-FR\"},{\"@type\":\"ImageObject\",\"@id\":\"https:\/\/limburgswinkeltje.com\/index.php\/produit\/bougie-apparition-texte-neerlandais\/#primaryimage\",\"inLanguage\":\"fr-FR\",\"url\":\"https:\/\/limburgswinkeltje.com\/wp-content\/uploads\/2019\/04\/Lourdes-phrase-neerlandais.jpg\",\"contentUrl\":\"https:\/\/limburgswinkeltje.com\/wp-content\/uploads\/2019\/04\/Lourdes-phrase-neerlandais.jpg\",\"width\":1000,\"height\":672},{\"@type\":\"WebPage\",\"@id\":\"https:\/\/limburgswinkeltje.com\/index.php\/produit\/bougie-apparition-texte-neerlandais\/#webpage\",\"url\":\"https:\/\/limburgswinkeltje.com\/index.php\/produit\/bougie-apparition-texte-neerlandais\/\",\"name\":\"Bougie apparition + texte n\\u00e9erlandais - &#039;t Limburgs Winkeltj\",\"isPartOf\":{\"@id\":\"https:\/\/limburgswinkeltje.com\/#website\"},\"primaryImageOfPage\":{\"@id\":\"https:\/\/limburgswinkeltje.com\/index.php\/produit\/bougie-apparition-texte-neerlandais\/#primaryimage\"},\"datePublished\":\"2019-04-18T09:08:43+00:00\",\"dateModified\":\"2020-12-12T13:36:21+00:00\",\"breadcrumb\":{\"@id\":\"https:\/\/limburgswinkeltje.com\/index.php\/produit\/bougie-apparition-texte-neerlandais\/#breadcrumb\"},\"inLanguage\":\"fr-FR\",\"potentialAction\":[{\"@type\":\"ReadAction\",\"target\":[\"https:\/\/limburgswinkeltje.com\/index.php\/produit\/bougie-apparition-texte-neerlandais\/\"]}]},{\"@type\":\"BreadcrumbList\",\"@id\":\"https:\/\/limburgswinkeltje.com\/index.php\/produit\/bougie-apparition-texte-neerlandais\/#breadcrumb\",\"itemListElement\":[{\"@type\":\"ListItem\",\"position\":1,\"name\":\"Accueil\",\"item\":\"https:\/\/limburgswinkeltje.com\/\"},{\"@type\":\"ListItem\",\"position\":2,\"name\":\"\",\"item\":\"https:\/\/limburgswinkeltje.com\/index.php\/boutique\/\"},{\"@type\":\"ListItem\",\"position\":3,\"name\":\"Bougie apparition + texte n\\u00e9erlandais\"}]}]}<\/script>\n<!-- \/ Yoast SEO plugin. -->","yoast_head_json":{"title":"Bougie apparition + texte n\u00e9erlandais - &#039;t Limburgs Winkeltj","robots":{"index":"index","follow":"follow","max-snippet":"max-snippet:-1","max-image-preview":"max-image-preview:large","max-video-preview":"max-video-preview:-1"},"canonical":"https:\/\/limburgswinkeltje.com\/index.php\/produit\/bougie-apparition-texte-neerlandais\/","og_locale":"fr_FR","og_type":"article","og_title":"Bougie apparition + texte n\u00e9erlandais - &#039;t Limburgs Winkeltj","og_description":"Bougie apparition Lourdes + texte n\u00e9erlandais","og_url":"https:\/\/limburgswinkeltje.com\/index.php\/produit\/bougie-apparition-texte-neerlandais\/","og_site_name":"&#039;t Limburgs Winkeltj","article_modified_time":"2020-12-12T13:36:21+00:00","og_image":[{"width":1000,"height":672,"url":"https:\/\/limburgswinkeltje.com\/wp-content\/uploads\/2019\/04\/Lourdes-phrase-neerlandais.jpg","path":"\/home\/limburn\/www\/wp-content\/uploads\/2019\/04\/Lourdes-phrase-neerlandais.jpg","size":"full","id":537,"alt":"","pixels":672000,"type":"image\/jpeg"}],"twitter_card":"summary_large_image","schema":{"@context":"https:\/\/schema.org","@graph":[{"@type":"WebSite","@id":"https:\/\/limburgswinkeltje.com\/#website","url":"https:\/\/limburgswinkeltje.com\/","name":"&#039;t Limburgs Winkeltj","description":"Souvenirs de Lourdes","potentialAction":[{"@type":"SearchAction","target":{"@type":"EntryPoint","urlTemplate":"https:\/\/limburgswinkeltje.com\/?s={search_term_string}"},"query-input":"required name=search_term_string"}],"inLanguage":"fr-FR"},{"@type":"ImageObject","@id":"https:\/\/limburgswinkeltje.com\/index.php\/produit\/bougie-apparition-texte-neerlandais\/#primaryimage","inLanguage":"fr-FR","url":"https:\/\/limburgswinkeltje.com\/wp-content\/uploads\/2019\/04\/Lourdes-phrase-neerlandais.jpg","contentUrl":"https:\/\/limburgswinkeltje.com\/wp-content\/uploads\/2019\/04\/Lourdes-phrase-neerlandais.jpg","width":1000,"height":672},{"@type":"WebPage","@id":"https:\/\/limburgswinkeltje.com\/index.php\/produit\/bougie-apparition-texte-neerlandais\/#webpage","url":"https:\/\/limburgswinkeltje.com\/index.php\/produit\/bougie-apparition-texte-neerlandais\/","name":"Bougie apparition + texte n\u00e9erlandais - &#039;t Limburgs Winkeltj","isPartOf":{"@id":"https:\/\/limburgswinkeltje.com\/#website"},"primaryImageOfPage":{"@id":"https:\/\/limburgswinkeltje.com\/index.php\/produit\/bougie-apparition-texte-neerlandais\/#primaryimage"},"datePublished":"2019-04-18T09:08:43+00:00","dateModified":"2020-12-12T13:36:21+00:00","breadcrumb":{"@id":"https:\/\/limburgswinkeltje.com\/index.php\/produit\/bougie-apparition-texte-neerlandais\/#breadcrumb"},"inLanguage":"fr-FR","potentialAction":[{"@type":"ReadAction","target":["https:\/\/limburgswinkeltje.com\/index.php\/produit\/bougie-apparition-texte-neerlandais\/"]}]},{"@type":"BreadcrumbList","@id":"https:\/\/limburgswinkeltje.com\/index.php\/produit\/bougie-apparition-texte-neerlandais\/#breadcrumb","itemListElement":[{"@type":"ListItem","position":1,"name":"Accueil","item":"https:\/\/limburgswinkeltje.com\/"},{"@type":"ListItem","position":2,"name":"","item":"https:\/\/limburgswinkeltje.com\/index.php\/boutique\/"},{"@type":"ListItem","position":3,"name":"Bougie apparition + texte n\u00e9erlandais"}]}]}},"_links":{"self":[{"href":"https:\/\/limburgswinkeltje.com\/index.php\/wp-json\/wp\/v2\/product\/23"}],"collection":[{"href":"https:\/\/limburgswinkeltje.com\/index.php\/wp-json\/wp\/v2\/product"}],"about":[{"href":"https:\/\/limburgswinkeltje.com\/index.php\/wp-json\/wp\/v2\/types\/product"}],"replies":[{"embeddable":true,"href":"https:\/\/limburgswinkeltje.com\/index.php\/wp-json\/wp\/v2\/comments?post=23"}],"wp:featuredmedia":[{"embeddable":true,"href":"https:\/\/limburgswinkeltje.com\/index.php\/wp-json\/wp\/v2\/media\/537"}],"wp:attachment":[{"href":"https:\/\/limburgswinkeltje.com\/index.php\/wp-json\/wp\/v2\/media?parent=23"}],"curies":[{"name":"wp","href":"https:\/\/api.w.org\/{rel}","templated":true}]}}