{"id":3373,"date":"2021-09-23T17:23:57","date_gmt":"2021-09-23T15:23:57","guid":{"rendered":"https:\/\/limburgswinkeltje.com\/?post_type=product&#038;p=3373"},"modified":"2023-09-05T17:02:11","modified_gmt":"2023-09-05T15:02:11","slug":"statue-bernadette-resine-blanche","status":"publish","type":"product","link":"https:\/\/limburgswinkeltje.com\/index.php\/produit\/statue-bernadette-resine-blanche\/","title":{"rendered":"Statue Bernadette r\u00e9sine blanche"},"content":{"rendered":"<p>Statue Bernadette \u00e0 genoux en r\u00e9sine blanche<\/p>\n","protected":false},"excerpt":{"rendered":"<p>Statue Bernadette \u00e0 genoux en r\u00e9sine blanche<\/p>\n","protected":false},"featured_media":3281,"comment_status":"open","ping_status":"closed","template":"","meta":[],"yoast_head":"<!-- This site is optimized with the Yoast SEO plugin v17.2 - https:\/\/yoast.com\/wordpress\/plugins\/seo\/ -->\n<title>Statue Bernadette r\u00e9sine blanche - &#039;t Limburgs Winkeltj<\/title>\n<meta name=\"robots\" content=\"index, follow, max-snippet:-1, max-image-preview:large, max-video-preview:-1\" \/>\n<link rel=\"canonical\" href=\"https:\/\/limburgswinkeltje.com\/index.php\/produit\/statue-bernadette-resine-blanche\/\" \/>\n<meta property=\"og:locale\" content=\"fr_FR\" \/>\n<meta property=\"og:type\" content=\"article\" \/>\n<meta property=\"og:title\" content=\"Statue Bernadette r\u00e9sine blanche - &#039;t Limburgs Winkeltj\" \/>\n<meta property=\"og:description\" content=\"Statue Bernadette \u00e0 genoux en r\u00e9sine blanche\" \/>\n<meta property=\"og:url\" content=\"https:\/\/limburgswinkeltje.com\/index.php\/produit\/statue-bernadette-resine-blanche\/\" \/>\n<meta property=\"og:site_name\" content=\"&#039;t Limburgs Winkeltj\" \/>\n<meta property=\"article:modified_time\" content=\"2023-09-05T15:02:11+00:00\" \/>\n<meta property=\"og:image\" content=\"https:\/\/limburgswinkeltje.com\/wp-content\/uploads\/2021\/09\/DSC_0086-1.jpg\" \/>\n\t<meta property=\"og:image:width\" content=\"288\" \/>\n\t<meta property=\"og:image:height\" content=\"626\" \/>\n<meta name=\"twitter:card\" content=\"summary_large_image\" \/>\n<meta name=\"twitter:label1\" content=\"Dur\u00e9e de lecture est.\" \/>\n\t<meta name=\"twitter:data1\" content=\"1 minute\" \/>\n<script type=\"application\/ld+json\" class=\"yoast-schema-graph\">{\"@context\":\"https:\/\/schema.org\",\"@graph\":[{\"@type\":\"WebSite\",\"@id\":\"https:\/\/limburgswinkeltje.com\/#website\",\"url\":\"https:\/\/limburgswinkeltje.com\/\",\"name\":\"&#039;t Limburgs Winkeltj\",\"description\":\"Souvenirs de Lourdes\",\"potentialAction\":[{\"@type\":\"SearchAction\",\"target\":{\"@type\":\"EntryPoint\",\"urlTemplate\":\"https:\/\/limburgswinkeltje.com\/?s={search_term_string}\"},\"query-input\":\"required name=search_term_string\"}],\"inLanguage\":\"fr-FR\"},{\"@type\":\"ImageObject\",\"@id\":\"https:\/\/limburgswinkeltje.com\/index.php\/produit\/statue-bernadette-resine-blanche\/#primaryimage\",\"inLanguage\":\"fr-FR\",\"url\":\"https:\/\/limburgswinkeltje.com\/wp-content\/uploads\/2021\/09\/DSC_0086-1.jpg\",\"contentUrl\":\"https:\/\/limburgswinkeltje.com\/wp-content\/uploads\/2021\/09\/DSC_0086-1.jpg\",\"width\":288,\"height\":626},{\"@type\":\"WebPage\",\"@id\":\"https:\/\/limburgswinkeltje.com\/index.php\/produit\/statue-bernadette-resine-blanche\/#webpage\",\"url\":\"https:\/\/limburgswinkeltje.com\/index.php\/produit\/statue-bernadette-resine-blanche\/\",\"name\":\"Statue Bernadette r\\u00e9sine blanche - &#039;t Limburgs Winkeltj\",\"isPartOf\":{\"@id\":\"https:\/\/limburgswinkeltje.com\/#website\"},\"primaryImageOfPage\":{\"@id\":\"https:\/\/limburgswinkeltje.com\/index.php\/produit\/statue-bernadette-resine-blanche\/#primaryimage\"},\"datePublished\":\"2021-09-23T15:23:57+00:00\",\"dateModified\":\"2023-09-05T15:02:11+00:00\",\"breadcrumb\":{\"@id\":\"https:\/\/limburgswinkeltje.com\/index.php\/produit\/statue-bernadette-resine-blanche\/#breadcrumb\"},\"inLanguage\":\"fr-FR\",\"potentialAction\":[{\"@type\":\"ReadAction\",\"target\":[\"https:\/\/limburgswinkeltje.com\/index.php\/produit\/statue-bernadette-resine-blanche\/\"]}]},{\"@type\":\"BreadcrumbList\",\"@id\":\"https:\/\/limburgswinkeltje.com\/index.php\/produit\/statue-bernadette-resine-blanche\/#breadcrumb\",\"itemListElement\":[{\"@type\":\"ListItem\",\"position\":1,\"name\":\"Accueil\",\"item\":\"https:\/\/limburgswinkeltje.com\/\"},{\"@type\":\"ListItem\",\"position\":2,\"name\":\"\",\"item\":\"https:\/\/limburgswinkeltje.com\/index.php\/boutique\/\"},{\"@type\":\"ListItem\",\"position\":3,\"name\":\"Statue Bernadette r\\u00e9sine blanche\"}]}]}<\/script>\n<!-- \/ Yoast SEO plugin. -->","yoast_head_json":{"title":"Statue Bernadette r\u00e9sine blanche - &#039;t Limburgs Winkeltj","robots":{"index":"index","follow":"follow","max-snippet":"max-snippet:-1","max-image-preview":"max-image-preview:large","max-video-preview":"max-video-preview:-1"},"canonical":"https:\/\/limburgswinkeltje.com\/index.php\/produit\/statue-bernadette-resine-blanche\/","og_locale":"fr_FR","og_type":"article","og_title":"Statue Bernadette r\u00e9sine blanche - &#039;t Limburgs Winkeltj","og_description":"Statue Bernadette \u00e0 genoux en r\u00e9sine blanche","og_url":"https:\/\/limburgswinkeltje.com\/index.php\/produit\/statue-bernadette-resine-blanche\/","og_site_name":"&#039;t Limburgs Winkeltj","article_modified_time":"2023-09-05T15:02:11+00:00","og_image":[{"width":288,"height":626,"url":"https:\/\/limburgswinkeltje.com\/wp-content\/uploads\/2021\/09\/DSC_0086-1.jpg","path":"\/home\/limburn\/www\/wp-content\/uploads\/2021\/09\/DSC_0086-1.jpg","size":"full","id":3281,"alt":"","pixels":180288,"type":"image\/jpeg"}],"twitter_card":"summary_large_image","twitter_misc":{"Dur\u00e9e de lecture est.":"1 minute"},"schema":{"@context":"https:\/\/schema.org","@graph":[{"@type":"WebSite","@id":"https:\/\/limburgswinkeltje.com\/#website","url":"https:\/\/limburgswinkeltje.com\/","name":"&#039;t Limburgs Winkeltj","description":"Souvenirs de Lourdes","potentialAction":[{"@type":"SearchAction","target":{"@type":"EntryPoint","urlTemplate":"https:\/\/limburgswinkeltje.com\/?s={search_term_string}"},"query-input":"required name=search_term_string"}],"inLanguage":"fr-FR"},{"@type":"ImageObject","@id":"https:\/\/limburgswinkeltje.com\/index.php\/produit\/statue-bernadette-resine-blanche\/#primaryimage","inLanguage":"fr-FR","url":"https:\/\/limburgswinkeltje.com\/wp-content\/uploads\/2021\/09\/DSC_0086-1.jpg","contentUrl":"https:\/\/limburgswinkeltje.com\/wp-content\/uploads\/2021\/09\/DSC_0086-1.jpg","width":288,"height":626},{"@type":"WebPage","@id":"https:\/\/limburgswinkeltje.com\/index.php\/produit\/statue-bernadette-resine-blanche\/#webpage","url":"https:\/\/limburgswinkeltje.com\/index.php\/produit\/statue-bernadette-resine-blanche\/","name":"Statue Bernadette r\u00e9sine blanche - &#039;t Limburgs Winkeltj","isPartOf":{"@id":"https:\/\/limburgswinkeltje.com\/#website"},"primaryImageOfPage":{"@id":"https:\/\/limburgswinkeltje.com\/index.php\/produit\/statue-bernadette-resine-blanche\/#primaryimage"},"datePublished":"2021-09-23T15:23:57+00:00","dateModified":"2023-09-05T15:02:11+00:00","breadcrumb":{"@id":"https:\/\/limburgswinkeltje.com\/index.php\/produit\/statue-bernadette-resine-blanche\/#breadcrumb"},"inLanguage":"fr-FR","potentialAction":[{"@type":"ReadAction","target":["https:\/\/limburgswinkeltje.com\/index.php\/produit\/statue-bernadette-resine-blanche\/"]}]},{"@type":"BreadcrumbList","@id":"https:\/\/limburgswinkeltje.com\/index.php\/produit\/statue-bernadette-resine-blanche\/#breadcrumb","itemListElement":[{"@type":"ListItem","position":1,"name":"Accueil","item":"https:\/\/limburgswinkeltje.com\/"},{"@type":"ListItem","position":2,"name":"","item":"https:\/\/limburgswinkeltje.com\/index.php\/boutique\/"},{"@type":"ListItem","position":3,"name":"Statue Bernadette r\u00e9sine blanche"}]}]}},"_links":{"self":[{"href":"https:\/\/limburgswinkeltje.com\/index.php\/wp-json\/wp\/v2\/product\/3373"}],"collection":[{"href":"https:\/\/limburgswinkeltje.com\/index.php\/wp-json\/wp\/v2\/product"}],"about":[{"href":"https:\/\/limburgswinkeltje.com\/index.php\/wp-json\/wp\/v2\/types\/product"}],"replies":[{"embeddable":true,"href":"https:\/\/limburgswinkeltje.com\/index.php\/wp-json\/wp\/v2\/comments?post=3373"}],"wp:featuredmedia":[{"embeddable":true,"href":"https:\/\/limburgswinkeltje.com\/index.php\/wp-json\/wp\/v2\/media\/3281"}],"wp:attachment":[{"href":"https:\/\/limburgswinkeltje.com\/index.php\/wp-json\/wp\/v2\/media?parent=3373"}],"curies":[{"name":"wp","href":"https:\/\/api.w.org\/{rel}","templated":true}]}}