{"id":3394,"date":"2021-09-25T15:14:08","date_gmt":"2021-09-25T13:14:08","guid":{"rendered":"https:\/\/limburgswinkeltje.com\/?post_type=product&#038;p=3394"},"modified":"2021-09-25T15:14:09","modified_gmt":"2021-09-25T13:14:09","slug":"coupe-papier-pm","status":"publish","type":"product","link":"https:\/\/limburgswinkeltje.com\/index.php\/produit\/coupe-papier-pm\/","title":{"rendered":"Coupe papier PM"},"content":{"rendered":"<p>Coupe papier m\u00e9tal argent\u00e9 petit mod\u00e8le, apparition de Marie \u00e0 Bernadette<\/p>\n","protected":false},"excerpt":{"rendered":"<p>Coupe papier m\u00e9tal argent\u00e9 petit mod\u00e8le, apparition de Marie \u00e0 Bernadette<\/p>\n","protected":false},"featured_media":3229,"comment_status":"open","ping_status":"closed","template":"","meta":[],"yoast_head":"<!-- This site is optimized with the Yoast SEO plugin v17.2 - https:\/\/yoast.com\/wordpress\/plugins\/seo\/ -->\n<title>Coupe papier PM - &#039;t Limburgs Winkeltj<\/title>\n<meta name=\"robots\" content=\"index, follow, max-snippet:-1, max-image-preview:large, max-video-preview:-1\" \/>\n<link rel=\"canonical\" href=\"https:\/\/limburgswinkeltje.com\/index.php\/produit\/coupe-papier-pm\/\" \/>\n<meta property=\"og:locale\" content=\"fr_FR\" \/>\n<meta property=\"og:type\" content=\"article\" \/>\n<meta property=\"og:title\" content=\"Coupe papier PM - &#039;t Limburgs Winkeltj\" \/>\n<meta property=\"og:description\" content=\"Coupe papier m\u00e9tal argent\u00e9 petit mod\u00e8le, apparition de Marie \u00e0 Bernadette\" \/>\n<meta property=\"og:url\" content=\"https:\/\/limburgswinkeltje.com\/index.php\/produit\/coupe-papier-pm\/\" \/>\n<meta property=\"og:site_name\" content=\"&#039;t Limburgs Winkeltj\" \/>\n<meta property=\"article:modified_time\" content=\"2021-09-25T13:14:09+00:00\" \/>\n<meta property=\"og:image\" content=\"https:\/\/limburgswinkeltje.com\/wp-content\/uploads\/2021\/09\/DSC_0059-1.jpg\" \/>\n\t<meta property=\"og:image:width\" content=\"220\" \/>\n\t<meta property=\"og:image:height\" content=\"664\" \/>\n<meta name=\"twitter:card\" content=\"summary_large_image\" \/>\n<meta name=\"twitter:label1\" content=\"Dur\u00e9e de lecture est.\" \/>\n\t<meta name=\"twitter:data1\" content=\"1 minute\" \/>\n<script type=\"application\/ld+json\" class=\"yoast-schema-graph\">{\"@context\":\"https:\/\/schema.org\",\"@graph\":[{\"@type\":\"WebSite\",\"@id\":\"https:\/\/limburgswinkeltje.com\/#website\",\"url\":\"https:\/\/limburgswinkeltje.com\/\",\"name\":\"&#039;t Limburgs Winkeltj\",\"description\":\"Souvenirs de Lourdes\",\"potentialAction\":[{\"@type\":\"SearchAction\",\"target\":{\"@type\":\"EntryPoint\",\"urlTemplate\":\"https:\/\/limburgswinkeltje.com\/?s={search_term_string}\"},\"query-input\":\"required name=search_term_string\"}],\"inLanguage\":\"fr-FR\"},{\"@type\":\"ImageObject\",\"@id\":\"https:\/\/limburgswinkeltje.com\/index.php\/produit\/coupe-papier-pm\/#primaryimage\",\"inLanguage\":\"fr-FR\",\"url\":\"https:\/\/limburgswinkeltje.com\/wp-content\/uploads\/2021\/09\/DSC_0059-1.jpg\",\"contentUrl\":\"https:\/\/limburgswinkeltje.com\/wp-content\/uploads\/2021\/09\/DSC_0059-1.jpg\",\"width\":220,\"height\":664},{\"@type\":\"WebPage\",\"@id\":\"https:\/\/limburgswinkeltje.com\/index.php\/produit\/coupe-papier-pm\/#webpage\",\"url\":\"https:\/\/limburgswinkeltje.com\/index.php\/produit\/coupe-papier-pm\/\",\"name\":\"Coupe papier PM - &#039;t Limburgs Winkeltj\",\"isPartOf\":{\"@id\":\"https:\/\/limburgswinkeltje.com\/#website\"},\"primaryImageOfPage\":{\"@id\":\"https:\/\/limburgswinkeltje.com\/index.php\/produit\/coupe-papier-pm\/#primaryimage\"},\"datePublished\":\"2021-09-25T13:14:08+00:00\",\"dateModified\":\"2021-09-25T13:14:09+00:00\",\"breadcrumb\":{\"@id\":\"https:\/\/limburgswinkeltje.com\/index.php\/produit\/coupe-papier-pm\/#breadcrumb\"},\"inLanguage\":\"fr-FR\",\"potentialAction\":[{\"@type\":\"ReadAction\",\"target\":[\"https:\/\/limburgswinkeltje.com\/index.php\/produit\/coupe-papier-pm\/\"]}]},{\"@type\":\"BreadcrumbList\",\"@id\":\"https:\/\/limburgswinkeltje.com\/index.php\/produit\/coupe-papier-pm\/#breadcrumb\",\"itemListElement\":[{\"@type\":\"ListItem\",\"position\":1,\"name\":\"Accueil\",\"item\":\"https:\/\/limburgswinkeltje.com\/\"},{\"@type\":\"ListItem\",\"position\":2,\"name\":\"\",\"item\":\"https:\/\/limburgswinkeltje.com\/index.php\/boutique\/\"},{\"@type\":\"ListItem\",\"position\":3,\"name\":\"Coupe papier PM\"}]}]}<\/script>\n<!-- \/ Yoast SEO plugin. -->","yoast_head_json":{"title":"Coupe papier PM - &#039;t Limburgs Winkeltj","robots":{"index":"index","follow":"follow","max-snippet":"max-snippet:-1","max-image-preview":"max-image-preview:large","max-video-preview":"max-video-preview:-1"},"canonical":"https:\/\/limburgswinkeltje.com\/index.php\/produit\/coupe-papier-pm\/","og_locale":"fr_FR","og_type":"article","og_title":"Coupe papier PM - &#039;t Limburgs Winkeltj","og_description":"Coupe papier m\u00e9tal argent\u00e9 petit mod\u00e8le, apparition de Marie \u00e0 Bernadette","og_url":"https:\/\/limburgswinkeltje.com\/index.php\/produit\/coupe-papier-pm\/","og_site_name":"&#039;t Limburgs Winkeltj","article_modified_time":"2021-09-25T13:14:09+00:00","og_image":[{"width":220,"height":664,"url":"https:\/\/limburgswinkeltje.com\/wp-content\/uploads\/2021\/09\/DSC_0059-1.jpg","path":"\/home\/limburn\/www\/wp-content\/uploads\/2021\/09\/DSC_0059-1.jpg","size":"full","id":3229,"alt":"","pixels":146080,"type":"image\/jpeg"}],"twitter_card":"summary_large_image","twitter_misc":{"Dur\u00e9e de lecture est.":"1 minute"},"schema":{"@context":"https:\/\/schema.org","@graph":[{"@type":"WebSite","@id":"https:\/\/limburgswinkeltje.com\/#website","url":"https:\/\/limburgswinkeltje.com\/","name":"&#039;t Limburgs Winkeltj","description":"Souvenirs de Lourdes","potentialAction":[{"@type":"SearchAction","target":{"@type":"EntryPoint","urlTemplate":"https:\/\/limburgswinkeltje.com\/?s={search_term_string}"},"query-input":"required name=search_term_string"}],"inLanguage":"fr-FR"},{"@type":"ImageObject","@id":"https:\/\/limburgswinkeltje.com\/index.php\/produit\/coupe-papier-pm\/#primaryimage","inLanguage":"fr-FR","url":"https:\/\/limburgswinkeltje.com\/wp-content\/uploads\/2021\/09\/DSC_0059-1.jpg","contentUrl":"https:\/\/limburgswinkeltje.com\/wp-content\/uploads\/2021\/09\/DSC_0059-1.jpg","width":220,"height":664},{"@type":"WebPage","@id":"https:\/\/limburgswinkeltje.com\/index.php\/produit\/coupe-papier-pm\/#webpage","url":"https:\/\/limburgswinkeltje.com\/index.php\/produit\/coupe-papier-pm\/","name":"Coupe papier PM - &#039;t Limburgs Winkeltj","isPartOf":{"@id":"https:\/\/limburgswinkeltje.com\/#website"},"primaryImageOfPage":{"@id":"https:\/\/limburgswinkeltje.com\/index.php\/produit\/coupe-papier-pm\/#primaryimage"},"datePublished":"2021-09-25T13:14:08+00:00","dateModified":"2021-09-25T13:14:09+00:00","breadcrumb":{"@id":"https:\/\/limburgswinkeltje.com\/index.php\/produit\/coupe-papier-pm\/#breadcrumb"},"inLanguage":"fr-FR","potentialAction":[{"@type":"ReadAction","target":["https:\/\/limburgswinkeltje.com\/index.php\/produit\/coupe-papier-pm\/"]}]},{"@type":"BreadcrumbList","@id":"https:\/\/limburgswinkeltje.com\/index.php\/produit\/coupe-papier-pm\/#breadcrumb","itemListElement":[{"@type":"ListItem","position":1,"name":"Accueil","item":"https:\/\/limburgswinkeltje.com\/"},{"@type":"ListItem","position":2,"name":"","item":"https:\/\/limburgswinkeltje.com\/index.php\/boutique\/"},{"@type":"ListItem","position":3,"name":"Coupe papier PM"}]}]}},"_links":{"self":[{"href":"https:\/\/limburgswinkeltje.com\/index.php\/wp-json\/wp\/v2\/product\/3394"}],"collection":[{"href":"https:\/\/limburgswinkeltje.com\/index.php\/wp-json\/wp\/v2\/product"}],"about":[{"href":"https:\/\/limburgswinkeltje.com\/index.php\/wp-json\/wp\/v2\/types\/product"}],"replies":[{"embeddable":true,"href":"https:\/\/limburgswinkeltje.com\/index.php\/wp-json\/wp\/v2\/comments?post=3394"}],"wp:featuredmedia":[{"embeddable":true,"href":"https:\/\/limburgswinkeltje.com\/index.php\/wp-json\/wp\/v2\/media\/3229"}],"wp:attachment":[{"href":"https:\/\/limburgswinkeltje.com\/index.php\/wp-json\/wp\/v2\/media?parent=3394"}],"curies":[{"name":"wp","href":"https:\/\/api.w.org\/{rel}","templated":true}]}}