{"id":3395,"date":"2021-09-25T15:36:44","date_gmt":"2021-09-25T13:36:44","guid":{"rendered":"https:\/\/limburgswinkeltje.com\/?post_type=product&#038;p=3395"},"modified":"2021-09-25T15:46:11","modified_gmt":"2021-09-25T13:46:11","slug":"cuilliere","status":"publish","type":"product","link":"https:\/\/limburgswinkeltje.com\/index.php\/produit\/cuilliere\/","title":{"rendered":"Cuill\u00e8re"},"content":{"rendered":"<p>Cuill\u00e8re de collection en m\u00e9tal argent\u00e9e, apparition en cloisonn\u00e9e color\u00e9e surmont\u00e9e d&#8217;une couronne<\/p>\n","protected":false},"excerpt":{"rendered":"<p>Cuill\u00e8re de collection en m\u00e9tal argent\u00e9e, apparition en cloisonn\u00e9e color\u00e9e surmont\u00e9e d&#8217;une couronne<\/p>\n","protected":false},"featured_media":3235,"comment_status":"open","ping_status":"closed","template":"","meta":[],"yoast_head":"<!-- This site is optimized with the Yoast SEO plugin v17.2 - https:\/\/yoast.com\/wordpress\/plugins\/seo\/ -->\n<title>Cuill\u00e8re - &#039;t Limburgs Winkeltj<\/title>\n<meta name=\"robots\" content=\"index, follow, max-snippet:-1, max-image-preview:large, max-video-preview:-1\" \/>\n<link rel=\"canonical\" href=\"https:\/\/limburgswinkeltje.com\/index.php\/produit\/cuilliere\/\" \/>\n<meta property=\"og:locale\" content=\"fr_FR\" \/>\n<meta property=\"og:type\" content=\"article\" \/>\n<meta property=\"og:title\" content=\"Cuill\u00e8re - &#039;t Limburgs Winkeltj\" \/>\n<meta property=\"og:description\" content=\"Cuill\u00e8re de collection en m\u00e9tal argent\u00e9e, apparition en cloisonn\u00e9e color\u00e9e surmont\u00e9e d&#8217;une couronne\" \/>\n<meta property=\"og:url\" content=\"https:\/\/limburgswinkeltje.com\/index.php\/produit\/cuilliere\/\" \/>\n<meta property=\"og:site_name\" content=\"&#039;t Limburgs Winkeltj\" \/>\n<meta property=\"article:modified_time\" content=\"2021-09-25T13:46:11+00:00\" \/>\n<meta property=\"og:image\" content=\"https:\/\/limburgswinkeltje.com\/wp-content\/uploads\/2021\/09\/DSC_0062-1.jpg\" \/>\n\t<meta property=\"og:image:width\" content=\"226\" \/>\n\t<meta property=\"og:image:height\" content=\"664\" \/>\n<meta name=\"twitter:card\" content=\"summary_large_image\" \/>\n<meta name=\"twitter:label1\" content=\"Dur\u00e9e de lecture est.\" \/>\n\t<meta name=\"twitter:data1\" content=\"1 minute\" \/>\n<script type=\"application\/ld+json\" class=\"yoast-schema-graph\">{\"@context\":\"https:\/\/schema.org\",\"@graph\":[{\"@type\":\"WebSite\",\"@id\":\"https:\/\/limburgswinkeltje.com\/#website\",\"url\":\"https:\/\/limburgswinkeltje.com\/\",\"name\":\"&#039;t Limburgs Winkeltj\",\"description\":\"Souvenirs de Lourdes\",\"potentialAction\":[{\"@type\":\"SearchAction\",\"target\":{\"@type\":\"EntryPoint\",\"urlTemplate\":\"https:\/\/limburgswinkeltje.com\/?s={search_term_string}\"},\"query-input\":\"required name=search_term_string\"}],\"inLanguage\":\"fr-FR\"},{\"@type\":\"ImageObject\",\"@id\":\"https:\/\/limburgswinkeltje.com\/index.php\/produit\/cuilliere\/#primaryimage\",\"inLanguage\":\"fr-FR\",\"url\":\"https:\/\/limburgswinkeltje.com\/wp-content\/uploads\/2021\/09\/DSC_0062-1.jpg\",\"contentUrl\":\"https:\/\/limburgswinkeltje.com\/wp-content\/uploads\/2021\/09\/DSC_0062-1.jpg\",\"width\":226,\"height\":664},{\"@type\":\"WebPage\",\"@id\":\"https:\/\/limburgswinkeltje.com\/index.php\/produit\/cuilliere\/#webpage\",\"url\":\"https:\/\/limburgswinkeltje.com\/index.php\/produit\/cuilliere\/\",\"name\":\"Cuill\\u00e8re - &#039;t Limburgs Winkeltj\",\"isPartOf\":{\"@id\":\"https:\/\/limburgswinkeltje.com\/#website\"},\"primaryImageOfPage\":{\"@id\":\"https:\/\/limburgswinkeltje.com\/index.php\/produit\/cuilliere\/#primaryimage\"},\"datePublished\":\"2021-09-25T13:36:44+00:00\",\"dateModified\":\"2021-09-25T13:46:11+00:00\",\"breadcrumb\":{\"@id\":\"https:\/\/limburgswinkeltje.com\/index.php\/produit\/cuilliere\/#breadcrumb\"},\"inLanguage\":\"fr-FR\",\"potentialAction\":[{\"@type\":\"ReadAction\",\"target\":[\"https:\/\/limburgswinkeltje.com\/index.php\/produit\/cuilliere\/\"]}]},{\"@type\":\"BreadcrumbList\",\"@id\":\"https:\/\/limburgswinkeltje.com\/index.php\/produit\/cuilliere\/#breadcrumb\",\"itemListElement\":[{\"@type\":\"ListItem\",\"position\":1,\"name\":\"Accueil\",\"item\":\"https:\/\/limburgswinkeltje.com\/\"},{\"@type\":\"ListItem\",\"position\":2,\"name\":\"\",\"item\":\"https:\/\/limburgswinkeltje.com\/index.php\/boutique\/\"},{\"@type\":\"ListItem\",\"position\":3,\"name\":\"Cuill\\u00e8re\"}]}]}<\/script>\n<!-- \/ Yoast SEO plugin. -->","yoast_head_json":{"title":"Cuill\u00e8re - &#039;t Limburgs Winkeltj","robots":{"index":"index","follow":"follow","max-snippet":"max-snippet:-1","max-image-preview":"max-image-preview:large","max-video-preview":"max-video-preview:-1"},"canonical":"https:\/\/limburgswinkeltje.com\/index.php\/produit\/cuilliere\/","og_locale":"fr_FR","og_type":"article","og_title":"Cuill\u00e8re - &#039;t Limburgs Winkeltj","og_description":"Cuill\u00e8re de collection en m\u00e9tal argent\u00e9e, apparition en cloisonn\u00e9e color\u00e9e surmont\u00e9e d&#8217;une couronne","og_url":"https:\/\/limburgswinkeltje.com\/index.php\/produit\/cuilliere\/","og_site_name":"&#039;t Limburgs Winkeltj","article_modified_time":"2021-09-25T13:46:11+00:00","og_image":[{"width":226,"height":664,"url":"https:\/\/limburgswinkeltje.com\/wp-content\/uploads\/2021\/09\/DSC_0062-1.jpg","path":"\/home\/limburn\/www\/wp-content\/uploads\/2021\/09\/DSC_0062-1.jpg","size":"full","id":3235,"alt":"","pixels":150064,"type":"image\/jpeg"}],"twitter_card":"summary_large_image","twitter_misc":{"Dur\u00e9e de lecture est.":"1 minute"},"schema":{"@context":"https:\/\/schema.org","@graph":[{"@type":"WebSite","@id":"https:\/\/limburgswinkeltje.com\/#website","url":"https:\/\/limburgswinkeltje.com\/","name":"&#039;t Limburgs Winkeltj","description":"Souvenirs de Lourdes","potentialAction":[{"@type":"SearchAction","target":{"@type":"EntryPoint","urlTemplate":"https:\/\/limburgswinkeltje.com\/?s={search_term_string}"},"query-input":"required name=search_term_string"}],"inLanguage":"fr-FR"},{"@type":"ImageObject","@id":"https:\/\/limburgswinkeltje.com\/index.php\/produit\/cuilliere\/#primaryimage","inLanguage":"fr-FR","url":"https:\/\/limburgswinkeltje.com\/wp-content\/uploads\/2021\/09\/DSC_0062-1.jpg","contentUrl":"https:\/\/limburgswinkeltje.com\/wp-content\/uploads\/2021\/09\/DSC_0062-1.jpg","width":226,"height":664},{"@type":"WebPage","@id":"https:\/\/limburgswinkeltje.com\/index.php\/produit\/cuilliere\/#webpage","url":"https:\/\/limburgswinkeltje.com\/index.php\/produit\/cuilliere\/","name":"Cuill\u00e8re - &#039;t Limburgs Winkeltj","isPartOf":{"@id":"https:\/\/limburgswinkeltje.com\/#website"},"primaryImageOfPage":{"@id":"https:\/\/limburgswinkeltje.com\/index.php\/produit\/cuilliere\/#primaryimage"},"datePublished":"2021-09-25T13:36:44+00:00","dateModified":"2021-09-25T13:46:11+00:00","breadcrumb":{"@id":"https:\/\/limburgswinkeltje.com\/index.php\/produit\/cuilliere\/#breadcrumb"},"inLanguage":"fr-FR","potentialAction":[{"@type":"ReadAction","target":["https:\/\/limburgswinkeltje.com\/index.php\/produit\/cuilliere\/"]}]},{"@type":"BreadcrumbList","@id":"https:\/\/limburgswinkeltje.com\/index.php\/produit\/cuilliere\/#breadcrumb","itemListElement":[{"@type":"ListItem","position":1,"name":"Accueil","item":"https:\/\/limburgswinkeltje.com\/"},{"@type":"ListItem","position":2,"name":"","item":"https:\/\/limburgswinkeltje.com\/index.php\/boutique\/"},{"@type":"ListItem","position":3,"name":"Cuill\u00e8re"}]}]}},"_links":{"self":[{"href":"https:\/\/limburgswinkeltje.com\/index.php\/wp-json\/wp\/v2\/product\/3395"}],"collection":[{"href":"https:\/\/limburgswinkeltje.com\/index.php\/wp-json\/wp\/v2\/product"}],"about":[{"href":"https:\/\/limburgswinkeltje.com\/index.php\/wp-json\/wp\/v2\/types\/product"}],"replies":[{"embeddable":true,"href":"https:\/\/limburgswinkeltje.com\/index.php\/wp-json\/wp\/v2\/comments?post=3395"}],"wp:featuredmedia":[{"embeddable":true,"href":"https:\/\/limburgswinkeltje.com\/index.php\/wp-json\/wp\/v2\/media\/3235"}],"wp:attachment":[{"href":"https:\/\/limburgswinkeltje.com\/index.php\/wp-json\/wp\/v2\/media?parent=3395"}],"curies":[{"name":"wp","href":"https:\/\/api.w.org\/{rel}","templated":true}]}}