{"id":519,"date":"2020-06-15T18:52:49","date_gmt":"2020-06-15T16:52:49","guid":{"rendered":"https:\/\/limburgswinkeltje.com\/?post_type=product&#038;p=519"},"modified":"2023-09-05T18:50:28","modified_gmt":"2023-09-05T16:50:28","slug":"boule-a-neige-mari-et-bernadette-sur-socle-bibles","status":"publish","type":"product","link":"https:\/\/limburgswinkeltje.com\/index.php\/produit\/boule-a-neige-mari-et-bernadette-sur-socle-bibles\/","title":{"rendered":"Boule \u00e0 neige Marie et Bernadette sur socle Bibles"},"content":{"rendered":"<p>Boule \u00e0 neige apparition socle bibles de diff\u00e9rentes couleurs, diff\u00e9rentes tailles<\/p>\n","protected":false},"excerpt":{"rendered":"<p>Boule \u00e0 neige sur livre petit mod\u00e8le<\/p>\n","protected":false},"featured_media":522,"comment_status":"open","ping_status":"closed","template":"","meta":[],"yoast_head":"<!-- This site is optimized with the Yoast SEO plugin v17.2 - https:\/\/yoast.com\/wordpress\/plugins\/seo\/ -->\n<title>Boule \u00e0 neige Marie et Bernadette sur socle Bibles - &#039;t Limburgs Winkeltj<\/title>\n<meta name=\"robots\" content=\"index, follow, max-snippet:-1, max-image-preview:large, max-video-preview:-1\" \/>\n<link rel=\"canonical\" href=\"https:\/\/limburgswinkeltje.com\/index.php\/produit\/boule-a-neige-mari-et-bernadette-sur-socle-bibles\/\" \/>\n<meta property=\"og:locale\" content=\"fr_FR\" \/>\n<meta property=\"og:type\" content=\"article\" \/>\n<meta property=\"og:title\" content=\"Boule \u00e0 neige Marie et Bernadette sur socle Bibles - &#039;t Limburgs Winkeltj\" \/>\n<meta property=\"og:description\" content=\"Boule \u00e0 neige sur livre petit mod\u00e8le\" \/>\n<meta property=\"og:url\" content=\"https:\/\/limburgswinkeltje.com\/index.php\/produit\/boule-a-neige-mari-et-bernadette-sur-socle-bibles\/\" \/>\n<meta property=\"og:site_name\" content=\"&#039;t Limburgs Winkeltj\" \/>\n<meta property=\"article:modified_time\" content=\"2023-09-05T16:50:28+00:00\" \/>\n<meta property=\"og:image\" content=\"https:\/\/limburgswinkeltje.com\/wp-content\/uploads\/2020\/06\/Marie-et-Bernadette-socle-Bible.jpg\" \/>\n\t<meta property=\"og:image:width\" content=\"1000\" \/>\n\t<meta property=\"og:image:height\" content=\"733\" \/>\n<meta name=\"twitter:card\" content=\"summary_large_image\" \/>\n<script type=\"application\/ld+json\" class=\"yoast-schema-graph\">{\"@context\":\"https:\/\/schema.org\",\"@graph\":[{\"@type\":\"WebSite\",\"@id\":\"https:\/\/limburgswinkeltje.com\/#website\",\"url\":\"https:\/\/limburgswinkeltje.com\/\",\"name\":\"&#039;t Limburgs Winkeltj\",\"description\":\"Souvenirs de Lourdes\",\"potentialAction\":[{\"@type\":\"SearchAction\",\"target\":{\"@type\":\"EntryPoint\",\"urlTemplate\":\"https:\/\/limburgswinkeltje.com\/?s={search_term_string}\"},\"query-input\":\"required name=search_term_string\"}],\"inLanguage\":\"fr-FR\"},{\"@type\":\"ImageObject\",\"@id\":\"https:\/\/limburgswinkeltje.com\/index.php\/produit\/boule-a-neige-mari-et-bernadette-sur-socle-bibles\/#primaryimage\",\"inLanguage\":\"fr-FR\",\"url\":\"https:\/\/limburgswinkeltje.com\/wp-content\/uploads\/2020\/06\/Marie-et-Bernadette-socle-Bible.jpg\",\"contentUrl\":\"https:\/\/limburgswinkeltje.com\/wp-content\/uploads\/2020\/06\/Marie-et-Bernadette-socle-Bible.jpg\",\"width\":1000,\"height\":733},{\"@type\":\"WebPage\",\"@id\":\"https:\/\/limburgswinkeltje.com\/index.php\/produit\/boule-a-neige-mari-et-bernadette-sur-socle-bibles\/#webpage\",\"url\":\"https:\/\/limburgswinkeltje.com\/index.php\/produit\/boule-a-neige-mari-et-bernadette-sur-socle-bibles\/\",\"name\":\"Boule \\u00e0 neige Marie et Bernadette sur socle Bibles - &#039;t Limburgs Winkeltj\",\"isPartOf\":{\"@id\":\"https:\/\/limburgswinkeltje.com\/#website\"},\"primaryImageOfPage\":{\"@id\":\"https:\/\/limburgswinkeltje.com\/index.php\/produit\/boule-a-neige-mari-et-bernadette-sur-socle-bibles\/#primaryimage\"},\"datePublished\":\"2020-06-15T16:52:49+00:00\",\"dateModified\":\"2023-09-05T16:50:28+00:00\",\"breadcrumb\":{\"@id\":\"https:\/\/limburgswinkeltje.com\/index.php\/produit\/boule-a-neige-mari-et-bernadette-sur-socle-bibles\/#breadcrumb\"},\"inLanguage\":\"fr-FR\",\"potentialAction\":[{\"@type\":\"ReadAction\",\"target\":[\"https:\/\/limburgswinkeltje.com\/index.php\/produit\/boule-a-neige-mari-et-bernadette-sur-socle-bibles\/\"]}]},{\"@type\":\"BreadcrumbList\",\"@id\":\"https:\/\/limburgswinkeltje.com\/index.php\/produit\/boule-a-neige-mari-et-bernadette-sur-socle-bibles\/#breadcrumb\",\"itemListElement\":[{\"@type\":\"ListItem\",\"position\":1,\"name\":\"Accueil\",\"item\":\"https:\/\/limburgswinkeltje.com\/\"},{\"@type\":\"ListItem\",\"position\":2,\"name\":\"\",\"item\":\"https:\/\/limburgswinkeltje.com\/index.php\/boutique\/\"},{\"@type\":\"ListItem\",\"position\":3,\"name\":\"Boule \\u00e0 neige Marie et Bernadette sur socle Bibles\"}]}]}<\/script>\n<!-- \/ Yoast SEO plugin. -->","yoast_head_json":{"title":"Boule \u00e0 neige Marie et Bernadette sur socle Bibles - &#039;t Limburgs Winkeltj","robots":{"index":"index","follow":"follow","max-snippet":"max-snippet:-1","max-image-preview":"max-image-preview:large","max-video-preview":"max-video-preview:-1"},"canonical":"https:\/\/limburgswinkeltje.com\/index.php\/produit\/boule-a-neige-mari-et-bernadette-sur-socle-bibles\/","og_locale":"fr_FR","og_type":"article","og_title":"Boule \u00e0 neige Marie et Bernadette sur socle Bibles - &#039;t Limburgs Winkeltj","og_description":"Boule \u00e0 neige sur livre petit mod\u00e8le","og_url":"https:\/\/limburgswinkeltje.com\/index.php\/produit\/boule-a-neige-mari-et-bernadette-sur-socle-bibles\/","og_site_name":"&#039;t Limburgs Winkeltj","article_modified_time":"2023-09-05T16:50:28+00:00","og_image":[{"width":1000,"height":733,"url":"https:\/\/limburgswinkeltje.com\/wp-content\/uploads\/2020\/06\/Marie-et-Bernadette-socle-Bible.jpg","path":"\/home\/limburn\/www\/wp-content\/uploads\/2020\/06\/Marie-et-Bernadette-socle-Bible.jpg","size":"full","id":522,"alt":"","pixels":733000,"type":"image\/jpeg"}],"twitter_card":"summary_large_image","schema":{"@context":"https:\/\/schema.org","@graph":[{"@type":"WebSite","@id":"https:\/\/limburgswinkeltje.com\/#website","url":"https:\/\/limburgswinkeltje.com\/","name":"&#039;t Limburgs Winkeltj","description":"Souvenirs de Lourdes","potentialAction":[{"@type":"SearchAction","target":{"@type":"EntryPoint","urlTemplate":"https:\/\/limburgswinkeltje.com\/?s={search_term_string}"},"query-input":"required name=search_term_string"}],"inLanguage":"fr-FR"},{"@type":"ImageObject","@id":"https:\/\/limburgswinkeltje.com\/index.php\/produit\/boule-a-neige-mari-et-bernadette-sur-socle-bibles\/#primaryimage","inLanguage":"fr-FR","url":"https:\/\/limburgswinkeltje.com\/wp-content\/uploads\/2020\/06\/Marie-et-Bernadette-socle-Bible.jpg","contentUrl":"https:\/\/limburgswinkeltje.com\/wp-content\/uploads\/2020\/06\/Marie-et-Bernadette-socle-Bible.jpg","width":1000,"height":733},{"@type":"WebPage","@id":"https:\/\/limburgswinkeltje.com\/index.php\/produit\/boule-a-neige-mari-et-bernadette-sur-socle-bibles\/#webpage","url":"https:\/\/limburgswinkeltje.com\/index.php\/produit\/boule-a-neige-mari-et-bernadette-sur-socle-bibles\/","name":"Boule \u00e0 neige Marie et Bernadette sur socle Bibles - &#039;t Limburgs Winkeltj","isPartOf":{"@id":"https:\/\/limburgswinkeltje.com\/#website"},"primaryImageOfPage":{"@id":"https:\/\/limburgswinkeltje.com\/index.php\/produit\/boule-a-neige-mari-et-bernadette-sur-socle-bibles\/#primaryimage"},"datePublished":"2020-06-15T16:52:49+00:00","dateModified":"2023-09-05T16:50:28+00:00","breadcrumb":{"@id":"https:\/\/limburgswinkeltje.com\/index.php\/produit\/boule-a-neige-mari-et-bernadette-sur-socle-bibles\/#breadcrumb"},"inLanguage":"fr-FR","potentialAction":[{"@type":"ReadAction","target":["https:\/\/limburgswinkeltje.com\/index.php\/produit\/boule-a-neige-mari-et-bernadette-sur-socle-bibles\/"]}]},{"@type":"BreadcrumbList","@id":"https:\/\/limburgswinkeltje.com\/index.php\/produit\/boule-a-neige-mari-et-bernadette-sur-socle-bibles\/#breadcrumb","itemListElement":[{"@type":"ListItem","position":1,"name":"Accueil","item":"https:\/\/limburgswinkeltje.com\/"},{"@type":"ListItem","position":2,"name":"","item":"https:\/\/limburgswinkeltje.com\/index.php\/boutique\/"},{"@type":"ListItem","position":3,"name":"Boule \u00e0 neige Marie et Bernadette sur socle Bibles"}]}]}},"_links":{"self":[{"href":"https:\/\/limburgswinkeltje.com\/index.php\/wp-json\/wp\/v2\/product\/519"}],"collection":[{"href":"https:\/\/limburgswinkeltje.com\/index.php\/wp-json\/wp\/v2\/product"}],"about":[{"href":"https:\/\/limburgswinkeltje.com\/index.php\/wp-json\/wp\/v2\/types\/product"}],"replies":[{"embeddable":true,"href":"https:\/\/limburgswinkeltje.com\/index.php\/wp-json\/wp\/v2\/comments?post=519"}],"wp:featuredmedia":[{"embeddable":true,"href":"https:\/\/limburgswinkeltje.com\/index.php\/wp-json\/wp\/v2\/media\/522"}],"wp:attachment":[{"href":"https:\/\/limburgswinkeltje.com\/index.php\/wp-json\/wp\/v2\/media?parent=519"}],"curies":[{"name":"wp","href":"https:\/\/api.w.org\/{rel}","templated":true}]}}