{"id":60,"date":"2018-10-23T11:32:32","date_gmt":"2018-10-23T09:32:32","guid":{"rendered":"https:\/\/futuriodemos.com\/woocommerce-fashion\/product\/import-placeholder-for-87\/"},"modified":"2020-12-08T16:20:44","modified_gmt":"2020-12-08T15:20:44","slug":"elastique-lourdes","status":"publish","type":"product","link":"https:\/\/limburgswinkeltje.com\/index.php\/produit\/elastique-lourdes\/","title":{"rendered":"Bracelets color\u00e9s \u00e9lastiques Lourdes"},"content":{"rendered":"<p>Bracelets multicolores \u00e9lastiques et plaque avec inscription Lourdes, couleurs bleu, noir, orange, jaune, rose ou vert<\/p>\n","protected":false},"excerpt":{"rendered":"<p>Bracelets multicolores \u00e9lastiques et plaque avec inscription Lourdes, couleurs bleu, noir, orange, jaune, rose ou vert<\/p>\n","protected":false},"featured_media":549,"comment_status":"open","ping_status":"closed","template":"","meta":[],"yoast_head":"<!-- This site is optimized with the Yoast SEO plugin v17.2 - https:\/\/yoast.com\/wordpress\/plugins\/seo\/ -->\n<title>Bracelets color\u00e9s \u00e9lastiques Lourdes - &#039;t Limburgs Winkeltj<\/title>\n<meta name=\"robots\" content=\"index, follow, max-snippet:-1, max-image-preview:large, max-video-preview:-1\" \/>\n<link rel=\"canonical\" href=\"https:\/\/limburgswinkeltje.com\/index.php\/produit\/elastique-lourdes\/\" \/>\n<meta property=\"og:locale\" content=\"fr_FR\" \/>\n<meta property=\"og:type\" content=\"article\" \/>\n<meta property=\"og:title\" content=\"Bracelets color\u00e9s \u00e9lastiques Lourdes - &#039;t Limburgs Winkeltj\" \/>\n<meta property=\"og:description\" content=\"Bracelets multicolores \u00e9lastiques et plaque avec inscription Lourdes, couleurs bleu, noir, orange, jaune, rose ou vert\" \/>\n<meta property=\"og:url\" content=\"https:\/\/limburgswinkeltje.com\/index.php\/produit\/elastique-lourdes\/\" \/>\n<meta property=\"og:site_name\" content=\"&#039;t Limburgs Winkeltj\" \/>\n<meta property=\"article:modified_time\" content=\"2020-12-08T15:20:44+00:00\" \/>\n<meta property=\"og:image\" content=\"https:\/\/limburgswinkeltje.com\/wp-content\/uploads\/2018\/10\/Corde-lourdes.jpg\" \/>\n\t<meta property=\"og:image:width\" content=\"660\" \/>\n\t<meta property=\"og:image:height\" content=\"1000\" \/>\n<meta name=\"twitter:card\" content=\"summary_large_image\" \/>\n<script type=\"application\/ld+json\" class=\"yoast-schema-graph\">{\"@context\":\"https:\/\/schema.org\",\"@graph\":[{\"@type\":\"WebSite\",\"@id\":\"https:\/\/limburgswinkeltje.com\/#website\",\"url\":\"https:\/\/limburgswinkeltje.com\/\",\"name\":\"&#039;t Limburgs Winkeltj\",\"description\":\"Souvenirs de Lourdes\",\"potentialAction\":[{\"@type\":\"SearchAction\",\"target\":{\"@type\":\"EntryPoint\",\"urlTemplate\":\"https:\/\/limburgswinkeltje.com\/?s={search_term_string}\"},\"query-input\":\"required name=search_term_string\"}],\"inLanguage\":\"fr-FR\"},{\"@type\":\"ImageObject\",\"@id\":\"https:\/\/limburgswinkeltje.com\/index.php\/produit\/elastique-lourdes\/#primaryimage\",\"inLanguage\":\"fr-FR\",\"url\":\"https:\/\/limburgswinkeltje.com\/wp-content\/uploads\/2018\/10\/Corde-lourdes.jpg\",\"contentUrl\":\"https:\/\/limburgswinkeltje.com\/wp-content\/uploads\/2018\/10\/Corde-lourdes.jpg\",\"width\":660,\"height\":1000},{\"@type\":\"WebPage\",\"@id\":\"https:\/\/limburgswinkeltje.com\/index.php\/produit\/elastique-lourdes\/#webpage\",\"url\":\"https:\/\/limburgswinkeltje.com\/index.php\/produit\/elastique-lourdes\/\",\"name\":\"Bracelets color\\u00e9s \\u00e9lastiques Lourdes - &#039;t Limburgs Winkeltj\",\"isPartOf\":{\"@id\":\"https:\/\/limburgswinkeltje.com\/#website\"},\"primaryImageOfPage\":{\"@id\":\"https:\/\/limburgswinkeltje.com\/index.php\/produit\/elastique-lourdes\/#primaryimage\"},\"datePublished\":\"2018-10-23T09:32:32+00:00\",\"dateModified\":\"2020-12-08T15:20:44+00:00\",\"breadcrumb\":{\"@id\":\"https:\/\/limburgswinkeltje.com\/index.php\/produit\/elastique-lourdes\/#breadcrumb\"},\"inLanguage\":\"fr-FR\",\"potentialAction\":[{\"@type\":\"ReadAction\",\"target\":[\"https:\/\/limburgswinkeltje.com\/index.php\/produit\/elastique-lourdes\/\"]}]},{\"@type\":\"BreadcrumbList\",\"@id\":\"https:\/\/limburgswinkeltje.com\/index.php\/produit\/elastique-lourdes\/#breadcrumb\",\"itemListElement\":[{\"@type\":\"ListItem\",\"position\":1,\"name\":\"Accueil\",\"item\":\"https:\/\/limburgswinkeltje.com\/\"},{\"@type\":\"ListItem\",\"position\":2,\"name\":\"\",\"item\":\"https:\/\/limburgswinkeltje.com\/index.php\/boutique\/\"},{\"@type\":\"ListItem\",\"position\":3,\"name\":\"Bracelets color\\u00e9s \\u00e9lastiques Lourdes\"}]}]}<\/script>\n<!-- \/ Yoast SEO plugin. -->","yoast_head_json":{"title":"Bracelets color\u00e9s \u00e9lastiques Lourdes - &#039;t Limburgs Winkeltj","robots":{"index":"index","follow":"follow","max-snippet":"max-snippet:-1","max-image-preview":"max-image-preview:large","max-video-preview":"max-video-preview:-1"},"canonical":"https:\/\/limburgswinkeltje.com\/index.php\/produit\/elastique-lourdes\/","og_locale":"fr_FR","og_type":"article","og_title":"Bracelets color\u00e9s \u00e9lastiques Lourdes - &#039;t Limburgs Winkeltj","og_description":"Bracelets multicolores \u00e9lastiques et plaque avec inscription Lourdes, couleurs bleu, noir, orange, jaune, rose ou vert","og_url":"https:\/\/limburgswinkeltje.com\/index.php\/produit\/elastique-lourdes\/","og_site_name":"&#039;t Limburgs Winkeltj","article_modified_time":"2020-12-08T15:20:44+00:00","og_image":[{"width":660,"height":1000,"url":"https:\/\/limburgswinkeltje.com\/wp-content\/uploads\/2018\/10\/Corde-lourdes.jpg","path":"\/home\/limburn\/www\/wp-content\/uploads\/2018\/10\/Corde-lourdes.jpg","size":"full","id":549,"alt":"","pixels":660000,"type":"image\/jpeg"}],"twitter_card":"summary_large_image","schema":{"@context":"https:\/\/schema.org","@graph":[{"@type":"WebSite","@id":"https:\/\/limburgswinkeltje.com\/#website","url":"https:\/\/limburgswinkeltje.com\/","name":"&#039;t Limburgs Winkeltj","description":"Souvenirs de Lourdes","potentialAction":[{"@type":"SearchAction","target":{"@type":"EntryPoint","urlTemplate":"https:\/\/limburgswinkeltje.com\/?s={search_term_string}"},"query-input":"required name=search_term_string"}],"inLanguage":"fr-FR"},{"@type":"ImageObject","@id":"https:\/\/limburgswinkeltje.com\/index.php\/produit\/elastique-lourdes\/#primaryimage","inLanguage":"fr-FR","url":"https:\/\/limburgswinkeltje.com\/wp-content\/uploads\/2018\/10\/Corde-lourdes.jpg","contentUrl":"https:\/\/limburgswinkeltje.com\/wp-content\/uploads\/2018\/10\/Corde-lourdes.jpg","width":660,"height":1000},{"@type":"WebPage","@id":"https:\/\/limburgswinkeltje.com\/index.php\/produit\/elastique-lourdes\/#webpage","url":"https:\/\/limburgswinkeltje.com\/index.php\/produit\/elastique-lourdes\/","name":"Bracelets color\u00e9s \u00e9lastiques Lourdes - &#039;t Limburgs Winkeltj","isPartOf":{"@id":"https:\/\/limburgswinkeltje.com\/#website"},"primaryImageOfPage":{"@id":"https:\/\/limburgswinkeltje.com\/index.php\/produit\/elastique-lourdes\/#primaryimage"},"datePublished":"2018-10-23T09:32:32+00:00","dateModified":"2020-12-08T15:20:44+00:00","breadcrumb":{"@id":"https:\/\/limburgswinkeltje.com\/index.php\/produit\/elastique-lourdes\/#breadcrumb"},"inLanguage":"fr-FR","potentialAction":[{"@type":"ReadAction","target":["https:\/\/limburgswinkeltje.com\/index.php\/produit\/elastique-lourdes\/"]}]},{"@type":"BreadcrumbList","@id":"https:\/\/limburgswinkeltje.com\/index.php\/produit\/elastique-lourdes\/#breadcrumb","itemListElement":[{"@type":"ListItem","position":1,"name":"Accueil","item":"https:\/\/limburgswinkeltje.com\/"},{"@type":"ListItem","position":2,"name":"","item":"https:\/\/limburgswinkeltje.com\/index.php\/boutique\/"},{"@type":"ListItem","position":3,"name":"Bracelets color\u00e9s \u00e9lastiques Lourdes"}]}]}},"_links":{"self":[{"href":"https:\/\/limburgswinkeltje.com\/index.php\/wp-json\/wp\/v2\/product\/60"}],"collection":[{"href":"https:\/\/limburgswinkeltje.com\/index.php\/wp-json\/wp\/v2\/product"}],"about":[{"href":"https:\/\/limburgswinkeltje.com\/index.php\/wp-json\/wp\/v2\/types\/product"}],"replies":[{"embeddable":true,"href":"https:\/\/limburgswinkeltje.com\/index.php\/wp-json\/wp\/v2\/comments?post=60"}],"wp:featuredmedia":[{"embeddable":true,"href":"https:\/\/limburgswinkeltje.com\/index.php\/wp-json\/wp\/v2\/media\/549"}],"wp:attachment":[{"href":"https:\/\/limburgswinkeltje.com\/index.php\/wp-json\/wp\/v2\/media?parent=60"}],"curies":[{"name":"wp","href":"https:\/\/api.w.org\/{rel}","templated":true}]}}