{"id":755,"date":"2020-07-15T17:31:53","date_gmt":"2020-07-15T15:31:53","guid":{"rendered":"https:\/\/limburgswinkeltje.com\/?post_type=product&#038;p=755"},"modified":"2024-08-19T18:27:32","modified_gmt":"2024-08-19T16:27:32","slug":"pilulier-apparition-vintage","status":"publish","type":"product","link":"https:\/\/limburgswinkeltje.com\/index.php\/produit\/pilulier-apparition-vintage\/","title":{"rendered":"Pilulier apparition vintage"},"content":{"rendered":"<p>Pilulier ou boite \u00e0 chapelet dor\u00e9 avec apparition vintage bord\u00e9e de dor\u00e9<\/p>\n","protected":false},"excerpt":{"rendered":"<p>Pilulier ou boite \u00e0 chapelet dor\u00e9 avec apparition vintage bord\u00e9e de dor\u00e9<\/p>\n","protected":false},"featured_media":703,"comment_status":"open","ping_status":"closed","template":"","meta":[],"yoast_head":"<!-- This site is optimized with the Yoast SEO plugin v17.2 - https:\/\/yoast.com\/wordpress\/plugins\/seo\/ -->\n<title>Pilulier apparition vintage - &#039;t Limburgs Winkeltj<\/title>\n<meta name=\"robots\" content=\"index, follow, max-snippet:-1, max-image-preview:large, max-video-preview:-1\" \/>\n<link rel=\"canonical\" href=\"https:\/\/limburgswinkeltje.com\/index.php\/produit\/pilulier-apparition-vintage\/\" \/>\n<meta property=\"og:locale\" content=\"fr_FR\" \/>\n<meta property=\"og:type\" content=\"article\" \/>\n<meta property=\"og:title\" content=\"Pilulier apparition vintage - &#039;t Limburgs Winkeltj\" \/>\n<meta property=\"og:description\" content=\"Pilulier ou boite \u00e0 chapelet dor\u00e9 avec apparition vintage bord\u00e9e de dor\u00e9\" \/>\n<meta property=\"og:url\" content=\"https:\/\/limburgswinkeltje.com\/index.php\/produit\/pilulier-apparition-vintage\/\" \/>\n<meta property=\"og:site_name\" content=\"&#039;t Limburgs Winkeltj\" \/>\n<meta property=\"article:modified_time\" content=\"2024-08-19T16:27:32+00:00\" \/>\n<meta property=\"og:image\" content=\"https:\/\/limburgswinkeltje.com\/wp-content\/uploads\/2020\/07\/DSC_0512.jpg\" \/>\n\t<meta property=\"og:image:width\" content=\"539\" \/>\n\t<meta property=\"og:image:height\" content=\"545\" \/>\n<meta name=\"twitter:card\" content=\"summary_large_image\" \/>\n<script type=\"application\/ld+json\" class=\"yoast-schema-graph\">{\"@context\":\"https:\/\/schema.org\",\"@graph\":[{\"@type\":\"WebSite\",\"@id\":\"https:\/\/limburgswinkeltje.com\/#website\",\"url\":\"https:\/\/limburgswinkeltje.com\/\",\"name\":\"&#039;t Limburgs Winkeltj\",\"description\":\"Souvenirs de Lourdes\",\"potentialAction\":[{\"@type\":\"SearchAction\",\"target\":{\"@type\":\"EntryPoint\",\"urlTemplate\":\"https:\/\/limburgswinkeltje.com\/?s={search_term_string}\"},\"query-input\":\"required name=search_term_string\"}],\"inLanguage\":\"fr-FR\"},{\"@type\":\"ImageObject\",\"@id\":\"https:\/\/limburgswinkeltje.com\/index.php\/produit\/pilulier-apparition-vintage\/#primaryimage\",\"inLanguage\":\"fr-FR\",\"url\":\"https:\/\/limburgswinkeltje.com\/wp-content\/uploads\/2020\/07\/DSC_0512.jpg\",\"contentUrl\":\"https:\/\/limburgswinkeltje.com\/wp-content\/uploads\/2020\/07\/DSC_0512.jpg\",\"width\":539,\"height\":545},{\"@type\":\"WebPage\",\"@id\":\"https:\/\/limburgswinkeltje.com\/index.php\/produit\/pilulier-apparition-vintage\/#webpage\",\"url\":\"https:\/\/limburgswinkeltje.com\/index.php\/produit\/pilulier-apparition-vintage\/\",\"name\":\"Pilulier apparition vintage - &#039;t Limburgs Winkeltj\",\"isPartOf\":{\"@id\":\"https:\/\/limburgswinkeltje.com\/#website\"},\"primaryImageOfPage\":{\"@id\":\"https:\/\/limburgswinkeltje.com\/index.php\/produit\/pilulier-apparition-vintage\/#primaryimage\"},\"datePublished\":\"2020-07-15T15:31:53+00:00\",\"dateModified\":\"2024-08-19T16:27:32+00:00\",\"breadcrumb\":{\"@id\":\"https:\/\/limburgswinkeltje.com\/index.php\/produit\/pilulier-apparition-vintage\/#breadcrumb\"},\"inLanguage\":\"fr-FR\",\"potentialAction\":[{\"@type\":\"ReadAction\",\"target\":[\"https:\/\/limburgswinkeltje.com\/index.php\/produit\/pilulier-apparition-vintage\/\"]}]},{\"@type\":\"BreadcrumbList\",\"@id\":\"https:\/\/limburgswinkeltje.com\/index.php\/produit\/pilulier-apparition-vintage\/#breadcrumb\",\"itemListElement\":[{\"@type\":\"ListItem\",\"position\":1,\"name\":\"Accueil\",\"item\":\"https:\/\/limburgswinkeltje.com\/\"},{\"@type\":\"ListItem\",\"position\":2,\"name\":\"\",\"item\":\"https:\/\/limburgswinkeltje.com\/index.php\/boutique\/\"},{\"@type\":\"ListItem\",\"position\":3,\"name\":\"Pilulier apparition vintage\"}]}]}<\/script>\n<!-- \/ Yoast SEO plugin. -->","yoast_head_json":{"title":"Pilulier apparition vintage - &#039;t Limburgs Winkeltj","robots":{"index":"index","follow":"follow","max-snippet":"max-snippet:-1","max-image-preview":"max-image-preview:large","max-video-preview":"max-video-preview:-1"},"canonical":"https:\/\/limburgswinkeltje.com\/index.php\/produit\/pilulier-apparition-vintage\/","og_locale":"fr_FR","og_type":"article","og_title":"Pilulier apparition vintage - &#039;t Limburgs Winkeltj","og_description":"Pilulier ou boite \u00e0 chapelet dor\u00e9 avec apparition vintage bord\u00e9e de dor\u00e9","og_url":"https:\/\/limburgswinkeltje.com\/index.php\/produit\/pilulier-apparition-vintage\/","og_site_name":"&#039;t Limburgs Winkeltj","article_modified_time":"2024-08-19T16:27:32+00:00","og_image":[{"width":539,"height":545,"url":"https:\/\/limburgswinkeltje.com\/wp-content\/uploads\/2020\/07\/DSC_0512.jpg","path":"\/home\/limburn\/www\/wp-content\/uploads\/2020\/07\/DSC_0512.jpg","size":"full","id":703,"alt":"","pixels":293755,"type":"image\/jpeg"}],"twitter_card":"summary_large_image","schema":{"@context":"https:\/\/schema.org","@graph":[{"@type":"WebSite","@id":"https:\/\/limburgswinkeltje.com\/#website","url":"https:\/\/limburgswinkeltje.com\/","name":"&#039;t Limburgs Winkeltj","description":"Souvenirs de Lourdes","potentialAction":[{"@type":"SearchAction","target":{"@type":"EntryPoint","urlTemplate":"https:\/\/limburgswinkeltje.com\/?s={search_term_string}"},"query-input":"required name=search_term_string"}],"inLanguage":"fr-FR"},{"@type":"ImageObject","@id":"https:\/\/limburgswinkeltje.com\/index.php\/produit\/pilulier-apparition-vintage\/#primaryimage","inLanguage":"fr-FR","url":"https:\/\/limburgswinkeltje.com\/wp-content\/uploads\/2020\/07\/DSC_0512.jpg","contentUrl":"https:\/\/limburgswinkeltje.com\/wp-content\/uploads\/2020\/07\/DSC_0512.jpg","width":539,"height":545},{"@type":"WebPage","@id":"https:\/\/limburgswinkeltje.com\/index.php\/produit\/pilulier-apparition-vintage\/#webpage","url":"https:\/\/limburgswinkeltje.com\/index.php\/produit\/pilulier-apparition-vintage\/","name":"Pilulier apparition vintage - &#039;t Limburgs Winkeltj","isPartOf":{"@id":"https:\/\/limburgswinkeltje.com\/#website"},"primaryImageOfPage":{"@id":"https:\/\/limburgswinkeltje.com\/index.php\/produit\/pilulier-apparition-vintage\/#primaryimage"},"datePublished":"2020-07-15T15:31:53+00:00","dateModified":"2024-08-19T16:27:32+00:00","breadcrumb":{"@id":"https:\/\/limburgswinkeltje.com\/index.php\/produit\/pilulier-apparition-vintage\/#breadcrumb"},"inLanguage":"fr-FR","potentialAction":[{"@type":"ReadAction","target":["https:\/\/limburgswinkeltje.com\/index.php\/produit\/pilulier-apparition-vintage\/"]}]},{"@type":"BreadcrumbList","@id":"https:\/\/limburgswinkeltje.com\/index.php\/produit\/pilulier-apparition-vintage\/#breadcrumb","itemListElement":[{"@type":"ListItem","position":1,"name":"Accueil","item":"https:\/\/limburgswinkeltje.com\/"},{"@type":"ListItem","position":2,"name":"","item":"https:\/\/limburgswinkeltje.com\/index.php\/boutique\/"},{"@type":"ListItem","position":3,"name":"Pilulier apparition vintage"}]}]}},"_links":{"self":[{"href":"https:\/\/limburgswinkeltje.com\/index.php\/wp-json\/wp\/v2\/product\/755"}],"collection":[{"href":"https:\/\/limburgswinkeltje.com\/index.php\/wp-json\/wp\/v2\/product"}],"about":[{"href":"https:\/\/limburgswinkeltje.com\/index.php\/wp-json\/wp\/v2\/types\/product"}],"replies":[{"embeddable":true,"href":"https:\/\/limburgswinkeltje.com\/index.php\/wp-json\/wp\/v2\/comments?post=755"}],"wp:featuredmedia":[{"embeddable":true,"href":"https:\/\/limburgswinkeltje.com\/index.php\/wp-json\/wp\/v2\/media\/703"}],"wp:attachment":[{"href":"https:\/\/limburgswinkeltje.com\/index.php\/wp-json\/wp\/v2\/media?parent=755"}],"curies":[{"name":"wp","href":"https:\/\/api.w.org\/{rel}","templated":true}]}}