{"id":782,"date":"2020-07-16T14:49:59","date_gmt":"2020-07-16T12:49:59","guid":{"rendered":"https:\/\/limburgswinkeltje.com\/?post_type=product&#038;p=782"},"modified":"2024-05-14T15:40:14","modified_gmt":"2024-05-14T13:40:14","slug":"neuvaines-avec-texte-en-neerlandais","status":"publish","type":"product","link":"https:\/\/limburgswinkeltje.com\/index.php\/produit\/neuvaines-avec-texte-en-neerlandais\/","title":{"rendered":"Neuvaines avec texte en n\u00e9erlandais"},"content":{"rendered":"<p>Neuvaines blanches avec diff\u00e9rents textes en n\u00e9erlandais<\/p>\n","protected":false},"excerpt":{"rendered":"<p>Neuvaines blanches avec diff\u00e9rents textes en n\u00e9erlandais<\/p>\n","protected":false},"featured_media":674,"comment_status":"open","ping_status":"closed","template":"","meta":[],"yoast_head":"<!-- This site is optimized with the Yoast SEO plugin v17.2 - https:\/\/yoast.com\/wordpress\/plugins\/seo\/ -->\n<title>Neuvaines avec texte en n\u00e9erlandais - &#039;t Limburgs Winkeltj<\/title>\n<meta name=\"robots\" content=\"index, follow, max-snippet:-1, max-image-preview:large, max-video-preview:-1\" \/>\n<link rel=\"canonical\" href=\"https:\/\/limburgswinkeltje.com\/index.php\/produit\/neuvaines-avec-texte-en-neerlandais\/\" \/>\n<meta property=\"og:locale\" content=\"fr_FR\" \/>\n<meta property=\"og:type\" content=\"article\" \/>\n<meta property=\"og:title\" content=\"Neuvaines avec texte en n\u00e9erlandais - &#039;t Limburgs Winkeltj\" \/>\n<meta property=\"og:description\" content=\"Neuvaines blanches avec diff\u00e9rents textes en n\u00e9erlandais\" \/>\n<meta property=\"og:url\" content=\"https:\/\/limburgswinkeltje.com\/index.php\/produit\/neuvaines-avec-texte-en-neerlandais\/\" \/>\n<meta property=\"og:site_name\" content=\"&#039;t Limburgs Winkeltj\" \/>\n<meta property=\"article:modified_time\" content=\"2024-05-14T13:40:14+00:00\" \/>\n<meta property=\"og:image\" content=\"https:\/\/limburgswinkeltje.com\/wp-content\/uploads\/2020\/07\/DSC_0456.jpg\" \/>\n\t<meta property=\"og:image:width\" content=\"865\" \/>\n\t<meta property=\"og:image:height\" content=\"543\" \/>\n<meta name=\"twitter:card\" content=\"summary_large_image\" \/>\n<script type=\"application\/ld+json\" class=\"yoast-schema-graph\">{\"@context\":\"https:\/\/schema.org\",\"@graph\":[{\"@type\":\"WebSite\",\"@id\":\"https:\/\/limburgswinkeltje.com\/#website\",\"url\":\"https:\/\/limburgswinkeltje.com\/\",\"name\":\"&#039;t Limburgs Winkeltj\",\"description\":\"Souvenirs de Lourdes\",\"potentialAction\":[{\"@type\":\"SearchAction\",\"target\":{\"@type\":\"EntryPoint\",\"urlTemplate\":\"https:\/\/limburgswinkeltje.com\/?s={search_term_string}\"},\"query-input\":\"required name=search_term_string\"}],\"inLanguage\":\"fr-FR\"},{\"@type\":\"ImageObject\",\"@id\":\"https:\/\/limburgswinkeltje.com\/index.php\/produit\/neuvaines-avec-texte-en-neerlandais\/#primaryimage\",\"inLanguage\":\"fr-FR\",\"url\":\"https:\/\/limburgswinkeltje.com\/wp-content\/uploads\/2020\/07\/DSC_0456.jpg\",\"contentUrl\":\"https:\/\/limburgswinkeltje.com\/wp-content\/uploads\/2020\/07\/DSC_0456.jpg\",\"width\":865,\"height\":543},{\"@type\":\"WebPage\",\"@id\":\"https:\/\/limburgswinkeltje.com\/index.php\/produit\/neuvaines-avec-texte-en-neerlandais\/#webpage\",\"url\":\"https:\/\/limburgswinkeltje.com\/index.php\/produit\/neuvaines-avec-texte-en-neerlandais\/\",\"name\":\"Neuvaines avec texte en n\\u00e9erlandais - &#039;t Limburgs Winkeltj\",\"isPartOf\":{\"@id\":\"https:\/\/limburgswinkeltje.com\/#website\"},\"primaryImageOfPage\":{\"@id\":\"https:\/\/limburgswinkeltje.com\/index.php\/produit\/neuvaines-avec-texte-en-neerlandais\/#primaryimage\"},\"datePublished\":\"2020-07-16T12:49:59+00:00\",\"dateModified\":\"2024-05-14T13:40:14+00:00\",\"breadcrumb\":{\"@id\":\"https:\/\/limburgswinkeltje.com\/index.php\/produit\/neuvaines-avec-texte-en-neerlandais\/#breadcrumb\"},\"inLanguage\":\"fr-FR\",\"potentialAction\":[{\"@type\":\"ReadAction\",\"target\":[\"https:\/\/limburgswinkeltje.com\/index.php\/produit\/neuvaines-avec-texte-en-neerlandais\/\"]}]},{\"@type\":\"BreadcrumbList\",\"@id\":\"https:\/\/limburgswinkeltje.com\/index.php\/produit\/neuvaines-avec-texte-en-neerlandais\/#breadcrumb\",\"itemListElement\":[{\"@type\":\"ListItem\",\"position\":1,\"name\":\"Accueil\",\"item\":\"https:\/\/limburgswinkeltje.com\/\"},{\"@type\":\"ListItem\",\"position\":2,\"name\":\"\",\"item\":\"https:\/\/limburgswinkeltje.com\/index.php\/boutique\/\"},{\"@type\":\"ListItem\",\"position\":3,\"name\":\"Neuvaines avec texte en n\\u00e9erlandais\"}]}]}<\/script>\n<!-- \/ Yoast SEO plugin. -->","yoast_head_json":{"title":"Neuvaines avec texte en n\u00e9erlandais - &#039;t Limburgs Winkeltj","robots":{"index":"index","follow":"follow","max-snippet":"max-snippet:-1","max-image-preview":"max-image-preview:large","max-video-preview":"max-video-preview:-1"},"canonical":"https:\/\/limburgswinkeltje.com\/index.php\/produit\/neuvaines-avec-texte-en-neerlandais\/","og_locale":"fr_FR","og_type":"article","og_title":"Neuvaines avec texte en n\u00e9erlandais - &#039;t Limburgs Winkeltj","og_description":"Neuvaines blanches avec diff\u00e9rents textes en n\u00e9erlandais","og_url":"https:\/\/limburgswinkeltje.com\/index.php\/produit\/neuvaines-avec-texte-en-neerlandais\/","og_site_name":"&#039;t Limburgs Winkeltj","article_modified_time":"2024-05-14T13:40:14+00:00","og_image":[{"width":865,"height":543,"url":"https:\/\/limburgswinkeltje.com\/wp-content\/uploads\/2020\/07\/DSC_0456.jpg","path":"\/home\/limburn\/www\/wp-content\/uploads\/2020\/07\/DSC_0456.jpg","size":"full","id":674,"alt":"","pixels":469695,"type":"image\/jpeg"}],"twitter_card":"summary_large_image","schema":{"@context":"https:\/\/schema.org","@graph":[{"@type":"WebSite","@id":"https:\/\/limburgswinkeltje.com\/#website","url":"https:\/\/limburgswinkeltje.com\/","name":"&#039;t Limburgs Winkeltj","description":"Souvenirs de Lourdes","potentialAction":[{"@type":"SearchAction","target":{"@type":"EntryPoint","urlTemplate":"https:\/\/limburgswinkeltje.com\/?s={search_term_string}"},"query-input":"required name=search_term_string"}],"inLanguage":"fr-FR"},{"@type":"ImageObject","@id":"https:\/\/limburgswinkeltje.com\/index.php\/produit\/neuvaines-avec-texte-en-neerlandais\/#primaryimage","inLanguage":"fr-FR","url":"https:\/\/limburgswinkeltje.com\/wp-content\/uploads\/2020\/07\/DSC_0456.jpg","contentUrl":"https:\/\/limburgswinkeltje.com\/wp-content\/uploads\/2020\/07\/DSC_0456.jpg","width":865,"height":543},{"@type":"WebPage","@id":"https:\/\/limburgswinkeltje.com\/index.php\/produit\/neuvaines-avec-texte-en-neerlandais\/#webpage","url":"https:\/\/limburgswinkeltje.com\/index.php\/produit\/neuvaines-avec-texte-en-neerlandais\/","name":"Neuvaines avec texte en n\u00e9erlandais - &#039;t Limburgs Winkeltj","isPartOf":{"@id":"https:\/\/limburgswinkeltje.com\/#website"},"primaryImageOfPage":{"@id":"https:\/\/limburgswinkeltje.com\/index.php\/produit\/neuvaines-avec-texte-en-neerlandais\/#primaryimage"},"datePublished":"2020-07-16T12:49:59+00:00","dateModified":"2024-05-14T13:40:14+00:00","breadcrumb":{"@id":"https:\/\/limburgswinkeltje.com\/index.php\/produit\/neuvaines-avec-texte-en-neerlandais\/#breadcrumb"},"inLanguage":"fr-FR","potentialAction":[{"@type":"ReadAction","target":["https:\/\/limburgswinkeltje.com\/index.php\/produit\/neuvaines-avec-texte-en-neerlandais\/"]}]},{"@type":"BreadcrumbList","@id":"https:\/\/limburgswinkeltje.com\/index.php\/produit\/neuvaines-avec-texte-en-neerlandais\/#breadcrumb","itemListElement":[{"@type":"ListItem","position":1,"name":"Accueil","item":"https:\/\/limburgswinkeltje.com\/"},{"@type":"ListItem","position":2,"name":"","item":"https:\/\/limburgswinkeltje.com\/index.php\/boutique\/"},{"@type":"ListItem","position":3,"name":"Neuvaines avec texte en n\u00e9erlandais"}]}]}},"_links":{"self":[{"href":"https:\/\/limburgswinkeltje.com\/index.php\/wp-json\/wp\/v2\/product\/782"}],"collection":[{"href":"https:\/\/limburgswinkeltje.com\/index.php\/wp-json\/wp\/v2\/product"}],"about":[{"href":"https:\/\/limburgswinkeltje.com\/index.php\/wp-json\/wp\/v2\/types\/product"}],"replies":[{"embeddable":true,"href":"https:\/\/limburgswinkeltje.com\/index.php\/wp-json\/wp\/v2\/comments?post=782"}],"wp:featuredmedia":[{"embeddable":true,"href":"https:\/\/limburgswinkeltje.com\/index.php\/wp-json\/wp\/v2\/media\/674"}],"wp:attachment":[{"href":"https:\/\/limburgswinkeltje.com\/index.php\/wp-json\/wp\/v2\/media?parent=782"}],"curies":[{"name":"wp","href":"https:\/\/api.w.org\/{rel}","templated":true}]}}