{"id":972,"date":"2020-07-27T18:13:09","date_gmt":"2020-07-27T16:13:09","guid":{"rendered":"https:\/\/limburgswinkeltje.com\/?post_type=product&#038;p=972"},"modified":"2022-07-11T18:06:08","modified_gmt":"2022-07-11T16:06:08","slug":"magnet-plastifie-3","status":"publish","type":"product","link":"https:\/\/limburgswinkeltje.com\/index.php\/produit\/magnet-plastifie-3\/","title":{"rendered":"Magnet plastifi\u00e9"},"content":{"rendered":"<p>Magnet plastifi\u00e9 rectangulaire, apparition et basilique de Lourdes, en couleurs, entour\u00e9 de fleurs<\/p>\n","protected":false},"excerpt":{"rendered":"<p>Magnet plastifi\u00e9 rectangulaire, apparition et basilique de Lourdes, en couleurs, entour\u00e9 de fleurs<\/p>\n","protected":false},"featured_media":945,"comment_status":"open","ping_status":"closed","template":"","meta":[],"yoast_head":"<!-- This site is optimized with the Yoast SEO plugin v17.2 - https:\/\/yoast.com\/wordpress\/plugins\/seo\/ -->\n<title>Magnet plastifi\u00e9 - &#039;t Limburgs Winkeltj<\/title>\n<meta name=\"robots\" content=\"index, follow, max-snippet:-1, max-image-preview:large, max-video-preview:-1\" \/>\n<link rel=\"canonical\" href=\"https:\/\/limburgswinkeltje.com\/index.php\/produit\/magnet-plastifie-3\/\" \/>\n<meta property=\"og:locale\" content=\"fr_FR\" \/>\n<meta property=\"og:type\" content=\"article\" \/>\n<meta property=\"og:title\" content=\"Magnet plastifi\u00e9 - &#039;t Limburgs Winkeltj\" \/>\n<meta property=\"og:description\" content=\"Magnet plastifi\u00e9 rectangulaire, apparition et basilique de Lourdes, en couleurs, entour\u00e9 de fleurs\" \/>\n<meta property=\"og:url\" content=\"https:\/\/limburgswinkeltje.com\/index.php\/produit\/magnet-plastifie-3\/\" \/>\n<meta property=\"og:site_name\" content=\"&#039;t Limburgs Winkeltj\" \/>\n<meta property=\"article:modified_time\" content=\"2022-07-11T16:06:08+00:00\" \/>\n<meta property=\"og:image\" content=\"https:\/\/limburgswinkeltje.com\/wp-content\/uploads\/2020\/07\/DSC_0683.jpg\" \/>\n\t<meta property=\"og:image:width\" content=\"753\" \/>\n\t<meta property=\"og:image:height\" content=\"560\" \/>\n<meta name=\"twitter:card\" content=\"summary_large_image\" \/>\n<script type=\"application\/ld+json\" class=\"yoast-schema-graph\">{\"@context\":\"https:\/\/schema.org\",\"@graph\":[{\"@type\":\"WebSite\",\"@id\":\"https:\/\/limburgswinkeltje.com\/#website\",\"url\":\"https:\/\/limburgswinkeltje.com\/\",\"name\":\"&#039;t Limburgs Winkeltj\",\"description\":\"Souvenirs de Lourdes\",\"potentialAction\":[{\"@type\":\"SearchAction\",\"target\":{\"@type\":\"EntryPoint\",\"urlTemplate\":\"https:\/\/limburgswinkeltje.com\/?s={search_term_string}\"},\"query-input\":\"required name=search_term_string\"}],\"inLanguage\":\"fr-FR\"},{\"@type\":\"ImageObject\",\"@id\":\"https:\/\/limburgswinkeltje.com\/index.php\/produit\/magnet-plastifie-3\/#primaryimage\",\"inLanguage\":\"fr-FR\",\"url\":\"https:\/\/limburgswinkeltje.com\/wp-content\/uploads\/2020\/07\/DSC_0683.jpg\",\"contentUrl\":\"https:\/\/limburgswinkeltje.com\/wp-content\/uploads\/2020\/07\/DSC_0683.jpg\",\"width\":753,\"height\":560},{\"@type\":\"WebPage\",\"@id\":\"https:\/\/limburgswinkeltje.com\/index.php\/produit\/magnet-plastifie-3\/#webpage\",\"url\":\"https:\/\/limburgswinkeltje.com\/index.php\/produit\/magnet-plastifie-3\/\",\"name\":\"Magnet plastifi\\u00e9 - &#039;t Limburgs Winkeltj\",\"isPartOf\":{\"@id\":\"https:\/\/limburgswinkeltje.com\/#website\"},\"primaryImageOfPage\":{\"@id\":\"https:\/\/limburgswinkeltje.com\/index.php\/produit\/magnet-plastifie-3\/#primaryimage\"},\"datePublished\":\"2020-07-27T16:13:09+00:00\",\"dateModified\":\"2022-07-11T16:06:08+00:00\",\"breadcrumb\":{\"@id\":\"https:\/\/limburgswinkeltje.com\/index.php\/produit\/magnet-plastifie-3\/#breadcrumb\"},\"inLanguage\":\"fr-FR\",\"potentialAction\":[{\"@type\":\"ReadAction\",\"target\":[\"https:\/\/limburgswinkeltje.com\/index.php\/produit\/magnet-plastifie-3\/\"]}]},{\"@type\":\"BreadcrumbList\",\"@id\":\"https:\/\/limburgswinkeltje.com\/index.php\/produit\/magnet-plastifie-3\/#breadcrumb\",\"itemListElement\":[{\"@type\":\"ListItem\",\"position\":1,\"name\":\"Accueil\",\"item\":\"https:\/\/limburgswinkeltje.com\/\"},{\"@type\":\"ListItem\",\"position\":2,\"name\":\"\",\"item\":\"https:\/\/limburgswinkeltje.com\/index.php\/boutique\/\"},{\"@type\":\"ListItem\",\"position\":3,\"name\":\"Magnet plastifi\\u00e9\"}]}]}<\/script>\n<!-- \/ Yoast SEO plugin. -->","yoast_head_json":{"title":"Magnet plastifi\u00e9 - &#039;t Limburgs Winkeltj","robots":{"index":"index","follow":"follow","max-snippet":"max-snippet:-1","max-image-preview":"max-image-preview:large","max-video-preview":"max-video-preview:-1"},"canonical":"https:\/\/limburgswinkeltje.com\/index.php\/produit\/magnet-plastifie-3\/","og_locale":"fr_FR","og_type":"article","og_title":"Magnet plastifi\u00e9 - &#039;t Limburgs Winkeltj","og_description":"Magnet plastifi\u00e9 rectangulaire, apparition et basilique de Lourdes, en couleurs, entour\u00e9 de fleurs","og_url":"https:\/\/limburgswinkeltje.com\/index.php\/produit\/magnet-plastifie-3\/","og_site_name":"&#039;t Limburgs Winkeltj","article_modified_time":"2022-07-11T16:06:08+00:00","og_image":[{"width":753,"height":560,"url":"https:\/\/limburgswinkeltje.com\/wp-content\/uploads\/2020\/07\/DSC_0683.jpg","path":"\/home\/limburn\/www\/wp-content\/uploads\/2020\/07\/DSC_0683.jpg","size":"full","id":945,"alt":"","pixels":421680,"type":"image\/jpeg"}],"twitter_card":"summary_large_image","schema":{"@context":"https:\/\/schema.org","@graph":[{"@type":"WebSite","@id":"https:\/\/limburgswinkeltje.com\/#website","url":"https:\/\/limburgswinkeltje.com\/","name":"&#039;t Limburgs Winkeltj","description":"Souvenirs de Lourdes","potentialAction":[{"@type":"SearchAction","target":{"@type":"EntryPoint","urlTemplate":"https:\/\/limburgswinkeltje.com\/?s={search_term_string}"},"query-input":"required name=search_term_string"}],"inLanguage":"fr-FR"},{"@type":"ImageObject","@id":"https:\/\/limburgswinkeltje.com\/index.php\/produit\/magnet-plastifie-3\/#primaryimage","inLanguage":"fr-FR","url":"https:\/\/limburgswinkeltje.com\/wp-content\/uploads\/2020\/07\/DSC_0683.jpg","contentUrl":"https:\/\/limburgswinkeltje.com\/wp-content\/uploads\/2020\/07\/DSC_0683.jpg","width":753,"height":560},{"@type":"WebPage","@id":"https:\/\/limburgswinkeltje.com\/index.php\/produit\/magnet-plastifie-3\/#webpage","url":"https:\/\/limburgswinkeltje.com\/index.php\/produit\/magnet-plastifie-3\/","name":"Magnet plastifi\u00e9 - &#039;t Limburgs Winkeltj","isPartOf":{"@id":"https:\/\/limburgswinkeltje.com\/#website"},"primaryImageOfPage":{"@id":"https:\/\/limburgswinkeltje.com\/index.php\/produit\/magnet-plastifie-3\/#primaryimage"},"datePublished":"2020-07-27T16:13:09+00:00","dateModified":"2022-07-11T16:06:08+00:00","breadcrumb":{"@id":"https:\/\/limburgswinkeltje.com\/index.php\/produit\/magnet-plastifie-3\/#breadcrumb"},"inLanguage":"fr-FR","potentialAction":[{"@type":"ReadAction","target":["https:\/\/limburgswinkeltje.com\/index.php\/produit\/magnet-plastifie-3\/"]}]},{"@type":"BreadcrumbList","@id":"https:\/\/limburgswinkeltje.com\/index.php\/produit\/magnet-plastifie-3\/#breadcrumb","itemListElement":[{"@type":"ListItem","position":1,"name":"Accueil","item":"https:\/\/limburgswinkeltje.com\/"},{"@type":"ListItem","position":2,"name":"","item":"https:\/\/limburgswinkeltje.com\/index.php\/boutique\/"},{"@type":"ListItem","position":3,"name":"Magnet plastifi\u00e9"}]}]}},"_links":{"self":[{"href":"https:\/\/limburgswinkeltje.com\/index.php\/wp-json\/wp\/v2\/product\/972"}],"collection":[{"href":"https:\/\/limburgswinkeltje.com\/index.php\/wp-json\/wp\/v2\/product"}],"about":[{"href":"https:\/\/limburgswinkeltje.com\/index.php\/wp-json\/wp\/v2\/types\/product"}],"replies":[{"embeddable":true,"href":"https:\/\/limburgswinkeltje.com\/index.php\/wp-json\/wp\/v2\/comments?post=972"}],"wp:featuredmedia":[{"embeddable":true,"href":"https:\/\/limburgswinkeltje.com\/index.php\/wp-json\/wp\/v2\/media\/945"}],"wp:attachment":[{"href":"https:\/\/limburgswinkeltje.com\/index.php\/wp-json\/wp\/v2\/media?parent=972"}],"curies":[{"name":"wp","href":"https:\/\/api.w.org\/{rel}","templated":true}]}}